{"id":7413,"date":"2025-03-01T15:11:41","date_gmt":"2025-03-01T14:11:41","guid":{"rendered":"https:\/\/www.caritasbaribitonto.it\/public\/home\/?page_id=7413"},"modified":"2025-05-23T19:06:08","modified_gmt":"2025-05-23T17:06:08","slug":"ecologia-integrale","status":"publish","type":"page","link":"https:\/\/www.caritasbaribitonto.it\/public\/home\/ecologia-integrale\/","title":{"rendered":"Ecologia Integrale"},"content":{"rendered":"\n<div class=\"wp-block-uagb-container uagb-block-8iqucy78 alignfull uagb-is-root-container\"><div class=\"uagb-container-inner-blocks-wrap\"><h1 class=\"has-text-align-center has-link-color wp-elements-5c15f29beec0071bb8fddc48a7dd2909 wp-block-post-title has-text-color has-white-color\">Ecologia Integrale<\/h1>\n\n\n<p class=\"has-text-align-center has-white-color has-text-color has-link-color wp-elements-59eb5a65b055fb7fbd12320c28af5cef\">&#8220;<em>Pose l&#8217;uomo nel giardino dell&#8217;Eden<\/em>&#8220;<\/p>\n<\/div><\/div>\n\n\n\n<div class=\"wp-block-group is-nowrap is-layout-flex wp-container-core-group-is-layout-6c531013 wp-block-group-is-layout-flex\">\n<p>Il gruppo Ecologia Integrale della Caritas diocesana Bari-Bitonto sta affrontando il tema della povert\u00e0 guardando a quella energetica.<br>Il tentativo \u00e8 quello di supportare il povero energetico su pi\u00f9 fronti aiutandolo a ridurre la quota delle bollette sul bilancio famigliare per liberare risorse per gli altri bisogni, per la mobilit\u00e0, la cura, lo sport e altri settori fondamentali della vita.<br>Per raggiungere questo ambizioso obiettivo si intende lavorare sui seguenti ambiti:<br>&#8211; sui contratti di fornitura fornendo supporto nella scelta,<br>&#8211; sulla riduzione dei consumi attraverso l\u2019educazione ad abbattere gli sprechi<br>&#8211; \u2060sulla riduzione dei consumi attraverso la manutenzione dei fabbricati e degli impianti<br>&#8211; \u2060sull\u2019autoproduzione di energia rinnovabile attraverso impianti fotovoltaici.<\/p>\n\n\n\n<div class=\"wp-block-uagb-image uagb-block-87d14ff4 wp-block-uagb-image--layout-default wp-block-uagb-image--effect-static wp-block-uagb-image--align-none\"><figure class=\"wp-block-uagb-image__figure\"><img decoding=\"async\" srcset=\"https:\/\/www.caritasbaribitonto.it\/public\/home\/img\/uploads\/2025\/05\/g281beffffc976b011e15c2e9cbb452803876241549dc7703d8f608d9efa6b8a2f47afa945f7f79430b49aa5a147e581f_640-7864979.jpg ,https:\/\/www.caritasbaribitonto.it\/public\/home\/img\/uploads\/2025\/05\/g281beffffc976b011e15c2e9cbb452803876241549dc7703d8f608d9efa6b8a2f47afa945f7f79430b49aa5a147e581f_640-7864979.jpg 780w, https:\/\/www.caritasbaribitonto.it\/public\/home\/img\/uploads\/2025\/05\/g281beffffc976b011e15c2e9cbb452803876241549dc7703d8f608d9efa6b8a2f47afa945f7f79430b49aa5a147e581f_640-7864979.jpg 360w\" sizes=\"auto, (max-width: 480px) 150px\" src=\"https:\/\/www.caritasbaribitonto.it\/public\/home\/img\/uploads\/2025\/05\/g281beffffc976b011e15c2e9cbb452803876241549dc7703d8f608d9efa6b8a2f47afa945f7f79430b49aa5a147e581f_640-7864979.jpg\" alt=\"environment, ecology, environmental protection, agricultural turnaround, floor, earth, humus, nature, plant, biomass, compost\" class=\"uag-image-7784\" width=\"427\" height=\"640\" title=\"g281beffffc976b011e15c2e9cbb452803876241549dc7703d8f608d9efa6b8a2f47afa945f7f79430b49aa5a147e581f_640-7864979\" loading=\"lazy\" role=\"img\"\/><\/figure><\/div>\n<\/div>\n\n\n\n<p>Per portare avanti questi obiettivi, il gruppo ha individuato come percorso quello della creazione di una CERS (comunit\u00e0 energetica rinnovabile sociale) a Bari.<br>Sar\u00e0 necessario sia un lavoro tecnico (installazione e gestione dell\u2019impianto, amministrazione della CERS) che un lavoro generativo e formativo per far nascere e rendere indipendente la comunit\u00e0 energetica.<\/p>\n\n\n\n<p>Il luogo individuato per la nascita della CERS \u00e8 la parrocchia della Nativit\u00e0 di nostro Signore nel quartiere S. Pio.<\/p>\n","protected":false},"excerpt":{"rendered":"<p>&#8220;Pose l&#8217;uomo nel giardino dell&#8217;Eden&#8220; Il gruppo Ecologia Integrale della Caritas diocesana Bari-Bitonto sta affrontando il tema della povert\u00e0 guardando [&hellip;]<\/p>\n","protected":false},"author":1,"featured_media":7330,"parent":0,"menu_order":0,"comment_status":"closed","ping_status":"closed","template":"","meta":{"_uag_custom_page_level_css":"","site-sidebar-layout":"default","site-content-layout":"","ast-site-content-layout":"","site-content-style":"default","site-sidebar-style":"default","ast-global-header-display":"","ast-banner-title-visibility":"disabled","ast-main-header-display":"","ast-hfb-above-header-display":"","ast-hfb-below-header-display":"","ast-hfb-mobile-header-display":"","site-post-title":"","ast-breadcrumbs-content":"","ast-featured-img":"disabled","footer-sml-layout":"","theme-transparent-header-meta":"","adv-header-id-meta":"","stick-header-meta":"","header-above-stick-meta":"","header-main-stick-meta":"","header-below-stick-meta":"","astra-migrate-meta-layouts":"default","ast-page-background-enabled":"default","ast-page-background-meta":{"desktop":{"background-color":"var(--ast-global-color-5)","background-image":"","background-repeat":"repeat","background-position":"center center","background-size":"auto","background-attachment":"scroll","background-type":"","background-media":"","overlay-type":"","overlay-color":"","overlay-opacity":"","overlay-gradient":""},"tablet":{"background-color":"","background-image":"","background-repeat":"repeat","background-position":"center center","background-size":"auto","background-attachment":"scroll","background-type":"","background-media":"","overlay-type":"","overlay-color":"","overlay-opacity":"","overlay-gradient":""},"mobile":{"background-color":"","background-image":"","background-repeat":"repeat","background-position":"center center","background-size":"auto","background-attachment":"scroll","background-type":"","background-media":"","overlay-type":"","overlay-color":"","overlay-opacity":"","overlay-gradient":""}},"ast-content-background-meta":{"desktop":{"background-color":"var(--ast-global-color-4)","background-image":"","background-repeat":"repeat","background-position":"center center","background-size":"auto","background-attachment":"scroll","background-type":"","background-media":"","overlay-type":"","overlay-color":"","overlay-opacity":"","overlay-gradient":""},"tablet":{"background-color":"var(--ast-global-color-4)","background-image":"","background-repeat":"repeat","background-position":"center center","background-size":"auto","background-attachment":"scroll","background-type":"","background-media":"","overlay-type":"","overlay-color":"","overlay-opacity":"","overlay-gradient":""},"mobile":{"background-color":"var(--ast-global-color-4)","background-image":"","background-repeat":"repeat","background-position":"center center","background-size":"auto","background-attachment":"scroll","background-type":"","background-media":"","overlay-type":"","overlay-color":"","overlay-opacity":"","overlay-gradient":""}},"footnotes":""},"class_list":["post-7413","page","type-page","status-publish","has-post-thumbnail","hentry"],"yoast_head":"<!-- This site is optimized with the Yoast SEO plugin v26.8 - https:\/\/yoast.com\/product\/yoast-seo-wordpress\/ -->\r\n<title>Ecologia Integrale - Caritas Diocesana Bari-Bitonto<\/title>\r\n<meta name=\"robots\" content=\"index, follow, max-snippet:-1, max-image-preview:large, max-video-preview:-1\" \/>\r\n<link rel=\"canonical\" href=\"https:\/\/www.caritasbaribitonto.it\/public\/home\/ecologia-integrale\/\" \/>\r\n<meta property=\"og:locale\" content=\"it_IT\" \/>\r\n<meta property=\"og:type\" content=\"article\" \/>\r\n<meta property=\"og:title\" content=\"Ecologia Integrale - Caritas Diocesana Bari-Bitonto\" \/>\r\n<meta property=\"og:description\" content=\"&#8220;Pose l&#8217;uomo nel giardino dell&#8217;Eden&#8220; Il gruppo Ecologia Integrale della Caritas diocesana Bari-Bitonto sta affrontando il tema della povert\u00e0 guardando [&hellip;]\" \/>\r\n<meta property=\"og:url\" content=\"https:\/\/www.caritasbaribitonto.it\/public\/home\/ecologia-integrale\/\" \/>\r\n<meta property=\"og:site_name\" content=\"Caritas Diocesana Bari-Bitonto\" \/>\r\n<meta property=\"article:publisher\" content=\"https:\/\/www.facebook.com\/pages\/Caritas-Diocesana-Bari-Bitonto\/533981476753770\" \/>\r\n<meta property=\"article:modified_time\" content=\"2025-05-23T17:06:08+00:00\" \/>\r\n<meta property=\"og:image\" content=\"https:\/\/www.caritasbaribitonto.it\/public\/home\/img\/uploads\/2025\/02\/pexels-photo-886521-886521.jpg\" \/>\r\n\t<meta property=\"og:image:width\" content=\"544\" \/>\r\n\t<meta property=\"og:image:height\" content=\"350\" \/>\r\n\t<meta property=\"og:image:type\" content=\"image\/jpeg\" \/>\r\n<meta name=\"twitter:card\" content=\"summary_large_image\" \/>\r\n<meta name=\"twitter:label1\" content=\"Tempo di lettura stimato\" \/>\n\t<meta name=\"twitter:data1\" content=\"2 minuti\" \/>\r\n<script type=\"application\/ld+json\" class=\"yoast-schema-graph\">{\"@context\":\"https:\/\/schema.org\",\"@graph\":[{\"@type\":\"WebPage\",\"@id\":\"https:\/\/www.caritasbaribitonto.it\/public\/home\/ecologia-integrale\/\",\"url\":\"https:\/\/www.caritasbaribitonto.it\/public\/home\/ecologia-integrale\/\",\"name\":\"Ecologia Integrale - Caritas Diocesana Bari-Bitonto\",\"isPartOf\":{\"@id\":\"https:\/\/www.caritasbaribitonto.it\/public\/home\/#website\"},\"primaryImageOfPage\":{\"@id\":\"https:\/\/www.caritasbaribitonto.it\/public\/home\/ecologia-integrale\/#primaryimage\"},\"image\":{\"@id\":\"https:\/\/www.caritasbaribitonto.it\/public\/home\/ecologia-integrale\/#primaryimage\"},\"thumbnailUrl\":\"https:\/\/www.caritasbaribitonto.it\/public\/home\/img\/uploads\/2025\/02\/pexels-photo-886521-886521.jpg\",\"datePublished\":\"2025-03-01T14:11:41+00:00\",\"dateModified\":\"2025-05-23T17:06:08+00:00\",\"breadcrumb\":{\"@id\":\"https:\/\/www.caritasbaribitonto.it\/public\/home\/ecologia-integrale\/#breadcrumb\"},\"inLanguage\":\"it-IT\",\"potentialAction\":[{\"@type\":\"ReadAction\",\"target\":[\"https:\/\/www.caritasbaribitonto.it\/public\/home\/ecologia-integrale\/\"]}]},{\"@type\":\"ImageObject\",\"inLanguage\":\"it-IT\",\"@id\":\"https:\/\/www.caritasbaribitonto.it\/public\/home\/ecologia-integrale\/#primaryimage\",\"url\":\"https:\/\/www.caritasbaribitonto.it\/public\/home\/img\/uploads\/2025\/02\/pexels-photo-886521-886521.jpg\",\"contentUrl\":\"https:\/\/www.caritasbaribitonto.it\/public\/home\/img\/uploads\/2025\/02\/pexels-photo-886521-886521.jpg\",\"width\":544,\"height\":350,\"caption\":\"A hand painted green holds a fresh plant sprout against a light background, symbolizing growth and sustainability.\"},{\"@type\":\"BreadcrumbList\",\"@id\":\"https:\/\/www.caritasbaribitonto.it\/public\/home\/ecologia-integrale\/#breadcrumb\",\"itemListElement\":[{\"@type\":\"ListItem\",\"position\":1,\"name\":\"Home\",\"item\":\"https:\/\/www.caritasbaribitonto.it\/public\/home\/\"},{\"@type\":\"ListItem\",\"position\":2,\"name\":\"Ecologia Integrale\"}]},{\"@type\":\"WebSite\",\"@id\":\"https:\/\/www.caritasbaribitonto.it\/public\/home\/#website\",\"url\":\"https:\/\/www.caritasbaribitonto.it\/public\/home\/\",\"name\":\"Caritas Diocesana Bari-Bitonto\",\"description\":\"I santi della porta accanto\",\"publisher\":{\"@id\":\"https:\/\/www.caritasbaribitonto.it\/public\/home\/#organization\"},\"potentialAction\":[{\"@type\":\"SearchAction\",\"target\":{\"@type\":\"EntryPoint\",\"urlTemplate\":\"https:\/\/www.caritasbaribitonto.it\/public\/home\/?s={search_term_string}\"},\"query-input\":{\"@type\":\"PropertyValueSpecification\",\"valueRequired\":true,\"valueName\":\"search_term_string\"}}],\"inLanguage\":\"it-IT\"},{\"@type\":\"Organization\",\"@id\":\"https:\/\/www.caritasbaribitonto.it\/public\/home\/#organization\",\"name\":\"Caritas Diocesana Bari-Bitonto\",\"url\":\"https:\/\/www.caritasbaribitonto.it\/public\/home\/\",\"logo\":{\"@type\":\"ImageObject\",\"inLanguage\":\"it-IT\",\"@id\":\"https:\/\/www.caritasbaribitonto.it\/public\/home\/#\/schema\/logo\/image\/\",\"url\":\"https:\/\/www.caritasbaribitonto.it\/public\/home\/img\/uploads\/2025\/02\/cropped-cropped-caritas2025_350x112.png\",\"contentUrl\":\"https:\/\/www.caritasbaribitonto.it\/public\/home\/img\/uploads\/2025\/02\/cropped-cropped-caritas2025_350x112.png\",\"width\":350,\"height\":112,\"caption\":\"Caritas Diocesana Bari-Bitonto\"},\"image\":{\"@id\":\"https:\/\/www.caritasbaribitonto.it\/public\/home\/#\/schema\/logo\/image\/\"},\"sameAs\":[\"https:\/\/www.facebook.com\/pages\/Caritas-Diocesana-Bari-Bitonto\/533981476753770\"]}]}<\/script>\r\n<!-- \/ Yoast SEO plugin. -->","yoast_head_json":{"title":"Ecologia Integrale - Caritas Diocesana Bari-Bitonto","robots":{"index":"index","follow":"follow","max-snippet":"max-snippet:-1","max-image-preview":"max-image-preview:large","max-video-preview":"max-video-preview:-1"},"canonical":"https:\/\/www.caritasbaribitonto.it\/public\/home\/ecologia-integrale\/","og_locale":"it_IT","og_type":"article","og_title":"Ecologia Integrale - Caritas Diocesana Bari-Bitonto","og_description":"&#8220;Pose l&#8217;uomo nel giardino dell&#8217;Eden&#8220; Il gruppo Ecologia Integrale della Caritas diocesana Bari-Bitonto sta affrontando il tema della povert\u00e0 guardando [&hellip;]","og_url":"https:\/\/www.caritasbaribitonto.it\/public\/home\/ecologia-integrale\/","og_site_name":"Caritas Diocesana Bari-Bitonto","article_publisher":"https:\/\/www.facebook.com\/pages\/Caritas-Diocesana-Bari-Bitonto\/533981476753770","article_modified_time":"2025-05-23T17:06:08+00:00","og_image":[{"width":544,"height":350,"url":"https:\/\/www.caritasbaribitonto.it\/public\/home\/img\/uploads\/2025\/02\/pexels-photo-886521-886521.jpg","type":"image\/jpeg"}],"twitter_card":"summary_large_image","twitter_misc":{"Tempo di lettura stimato":"2 minuti"},"schema":{"@context":"https:\/\/schema.org","@graph":[{"@type":"WebPage","@id":"https:\/\/www.caritasbaribitonto.it\/public\/home\/ecologia-integrale\/","url":"https:\/\/www.caritasbaribitonto.it\/public\/home\/ecologia-integrale\/","name":"Ecologia Integrale - Caritas Diocesana Bari-Bitonto","isPartOf":{"@id":"https:\/\/www.caritasbaribitonto.it\/public\/home\/#website"},"primaryImageOfPage":{"@id":"https:\/\/www.caritasbaribitonto.it\/public\/home\/ecologia-integrale\/#primaryimage"},"image":{"@id":"https:\/\/www.caritasbaribitonto.it\/public\/home\/ecologia-integrale\/#primaryimage"},"thumbnailUrl":"https:\/\/www.caritasbaribitonto.it\/public\/home\/img\/uploads\/2025\/02\/pexels-photo-886521-886521.jpg","datePublished":"2025-03-01T14:11:41+00:00","dateModified":"2025-05-23T17:06:08+00:00","breadcrumb":{"@id":"https:\/\/www.caritasbaribitonto.it\/public\/home\/ecologia-integrale\/#breadcrumb"},"inLanguage":"it-IT","potentialAction":[{"@type":"ReadAction","target":["https:\/\/www.caritasbaribitonto.it\/public\/home\/ecologia-integrale\/"]}]},{"@type":"ImageObject","inLanguage":"it-IT","@id":"https:\/\/www.caritasbaribitonto.it\/public\/home\/ecologia-integrale\/#primaryimage","url":"https:\/\/www.caritasbaribitonto.it\/public\/home\/img\/uploads\/2025\/02\/pexels-photo-886521-886521.jpg","contentUrl":"https:\/\/www.caritasbaribitonto.it\/public\/home\/img\/uploads\/2025\/02\/pexels-photo-886521-886521.jpg","width":544,"height":350,"caption":"A hand painted green holds a fresh plant sprout against a light background, symbolizing growth and sustainability."},{"@type":"BreadcrumbList","@id":"https:\/\/www.caritasbaribitonto.it\/public\/home\/ecologia-integrale\/#breadcrumb","itemListElement":[{"@type":"ListItem","position":1,"name":"Home","item":"https:\/\/www.caritasbaribitonto.it\/public\/home\/"},{"@type":"ListItem","position":2,"name":"Ecologia Integrale"}]},{"@type":"WebSite","@id":"https:\/\/www.caritasbaribitonto.it\/public\/home\/#website","url":"https:\/\/www.caritasbaribitonto.it\/public\/home\/","name":"Caritas Diocesana Bari-Bitonto","description":"I santi della porta accanto","publisher":{"@id":"https:\/\/www.caritasbaribitonto.it\/public\/home\/#organization"},"potentialAction":[{"@type":"SearchAction","target":{"@type":"EntryPoint","urlTemplate":"https:\/\/www.caritasbaribitonto.it\/public\/home\/?s={search_term_string}"},"query-input":{"@type":"PropertyValueSpecification","valueRequired":true,"valueName":"search_term_string"}}],"inLanguage":"it-IT"},{"@type":"Organization","@id":"https:\/\/www.caritasbaribitonto.it\/public\/home\/#organization","name":"Caritas Diocesana Bari-Bitonto","url":"https:\/\/www.caritasbaribitonto.it\/public\/home\/","logo":{"@type":"ImageObject","inLanguage":"it-IT","@id":"https:\/\/www.caritasbaribitonto.it\/public\/home\/#\/schema\/logo\/image\/","url":"https:\/\/www.caritasbaribitonto.it\/public\/home\/img\/uploads\/2025\/02\/cropped-cropped-caritas2025_350x112.png","contentUrl":"https:\/\/www.caritasbaribitonto.it\/public\/home\/img\/uploads\/2025\/02\/cropped-cropped-caritas2025_350x112.png","width":350,"height":112,"caption":"Caritas Diocesana Bari-Bitonto"},"image":{"@id":"https:\/\/www.caritasbaribitonto.it\/public\/home\/#\/schema\/logo\/image\/"},"sameAs":["https:\/\/www.facebook.com\/pages\/Caritas-Diocesana-Bari-Bitonto\/533981476753770"]}]}},"uagb_featured_image_src":{"full":["https:\/\/www.caritasbaribitonto.it\/public\/home\/img\/uploads\/2025\/02\/pexels-photo-886521-886521.jpg",544,350,false],"thumbnail":["https:\/\/www.caritasbaribitonto.it\/public\/home\/img\/uploads\/2025\/02\/pexels-photo-886521-886521-150x150.jpg",150,150,true],"medium":["https:\/\/www.caritasbaribitonto.it\/public\/home\/img\/uploads\/2025\/02\/pexels-photo-886521-886521-300x193.jpg",300,193,true],"medium_large":["https:\/\/www.caritasbaribitonto.it\/public\/home\/img\/uploads\/2025\/02\/pexels-photo-886521-886521.jpg",544,350,false],"large":["https:\/\/www.caritasbaribitonto.it\/public\/home\/img\/uploads\/2025\/02\/pexels-photo-886521-886521.jpg",544,350,false],"1536x1536":["https:\/\/www.caritasbaribitonto.it\/public\/home\/img\/uploads\/2025\/02\/pexels-photo-886521-886521.jpg",544,350,false],"2048x2048":["https:\/\/www.caritasbaribitonto.it\/public\/home\/img\/uploads\/2025\/02\/pexels-photo-886521-886521.jpg",544,350,false]},"uagb_author_info":{"display_name":"Giovanni Caputo","author_link":"https:\/\/www.caritasbaribitonto.it\/public\/home\/author\/admin\/"},"uagb_comment_info":0,"uagb_excerpt":"&#8220;Pose l&#8217;uomo nel giardino dell&#8217;Eden&#8220; Il gruppo Ecologia Integrale della Caritas diocesana Bari-Bitonto sta affrontando il tema della povert\u00e0 guardando [&hellip;]","_links":{"self":[{"href":"https:\/\/www.caritasbaribitonto.it\/public\/home\/wp-json\/wp\/v2\/pages\/7413","targetHints":{"allow":["GET"]}}],"collection":[{"href":"https:\/\/www.caritasbaribitonto.it\/public\/home\/wp-json\/wp\/v2\/pages"}],"about":[{"href":"https:\/\/www.caritasbaribitonto.it\/public\/home\/wp-json\/wp\/v2\/types\/page"}],"author":[{"embeddable":true,"href":"https:\/\/www.caritasbaribitonto.it\/public\/home\/wp-json\/wp\/v2\/users\/1"}],"replies":[{"embeddable":true,"href":"https:\/\/www.caritasbaribitonto.it\/public\/home\/wp-json\/wp\/v2\/comments?post=7413"}],"version-history":[{"count":0,"href":"https:\/\/www.caritasbaribitonto.it\/public\/home\/wp-json\/wp\/v2\/pages\/7413\/revisions"}],"wp:featuredmedia":[{"embeddable":true,"href":"https:\/\/www.caritasbaribitonto.it\/public\/home\/wp-json\/wp\/v2\/media\/7330"}],"wp:attachment":[{"href":"https:\/\/www.caritasbaribitonto.it\/public\/home\/wp-json\/wp\/v2\/media?parent=7413"}],"curies":[{"name":"wp","href":"https:\/\/api.w.org\/{rel}","templated":true}]}}