{"id":7173,"date":"2025-01-28T18:32:32","date_gmt":"2025-01-28T17:32:32","guid":{"rendered":"https:\/\/www.caritasbaribitonto.it\/public\/home\/?page_id=7173"},"modified":"2025-12-17T13:04:11","modified_gmt":"2025-12-17T12:04:11","slug":"mondialita","status":"publish","type":"page","link":"https:\/\/www.caritasbaribitonto.it\/public\/home\/mondialita\/","title":{"rendered":"Mondialit\u00e0"},"content":{"rendered":"\n<p>Vivere in un mondo globalizzato impone a tutti&nbsp; un supplemento di attenzione e di impegno, affinch\u00e9 la difesa della dignit\u00e0 di \u201ctutti gli uomini e di tutto l\u2019uomo\u201d (PP) si traduca in mobilitazione concreta ed efficace.<\/p>\n\n\n\n<p>Le attivit\u00e0 di solidariet\u00e0 internazionale, attraverso cui si traduce un impegno a favore delle persone e delle comunit\u00e0 pi\u00f9 fragili e vulnerabili, devono necessariamente tradursi in una assunzione di responsabilit\u00e0 nel favorire il cambiamento culturale, all\u2019interno della comunit\u00e0 cristiana e dell\u2019opinione pubblica nel suo insieme; e nel favorire politiche orientate ad un mondo pi\u00f9 giusto e accogliente per tutti e tutte.<\/p>\n\n\n\n<p>Il mondo che ci circonda ci pone questioni pressanti come il cambiamento climatico, la perdurante fame e povert\u00e0, l\u2019ingiustizia e la disuguaglianza, i conflitti: si tratta di problemi per i quali non bastano pi\u00f9 risposte semplici e gi\u00e0 note.<\/p>\n\n\n\n<div class=\"wp-block-columns is-layout-flex wp-container-core-columns-is-layout-28f84493 wp-block-columns-is-layout-flex\">\n<div class=\"wp-block-column is-layout-flow wp-block-column-is-layout-flow\">\n<h3 class=\"wp-block-heading\">Le esperienze dal mondo<\/h3>\n\n\n\n<section class=\"gutentor-post-module section-g-sl9uy1c gutentor-post-module-p1 gutentor_p1_template2 wp-block-gutentor-p1  has-color-bg has-custom-bg gutentor-blog-grid gutentor-slick-a-default-desktop gutentor-slick-a-default-tablet gutentor-slick-a-default-mobile\" id=\"g-sl9uy1c\" data-gbid=\"g-sl9uy1c\" >\n<div class='grid-container'><div class=' g-gjewe6a gutentor-module-carousel-row' data-dots=\"false\" data-dotstablet=\"false\" data-dotsmobile=\"false\" data-nextarrow=\"fas fa-angle-right\" data-prevarrow=\"fas fa-angle-left\" data-arrows=\"true\" data-arrowstablet=\"true\" data-arrowsmobile=\"true\" data-arrowsPositionDesktop=\"gutentor-slick-a-default-desktop\" data-arrowsPositionTablet=\"gutentor-slick-a-default-tablet\" data-arrowsPositionMobile=\"gutentor-slick-a-default-mobile\" data-infinite=\"false\" data-speed=\"300\" data-autoplay=\"true\" data-autoplayspeed=\"3000\" data-pauseonfocus=\"true\" data-pauseonhover=\"true\" data-draggable=\"true\" data-cmondesktop=\"false\" data-cmontablet=\"false\" data-cmonmobile=\"false\" data-slideitemdesktop=\"2\" data-slideitemtablet=\"3\" data-slideitemmobile=\"2\" data-slidescroll-desktop=\"2\" data-slidescroll-tablet=\"3\" data-slidescroll-mobile=\"2\" ><article class='gutentor-post gutentor-carousel-item'><div class='gutentor-post-item'><div class='gutentor-post-image-box'><div class=\"gutentor-image-thumb\"><img loading=\"lazy\" decoding=\"async\" width=\"468\" height=\"248\" src=\"https:\/\/www.caritasbaribitonto.it\/public\/home\/img\/uploads\/2025\/03\/WhatsApp-Image-2025-03-23-at-12.21.20-4-1-1-e1742837576708.jpeg\" class=\"attachment-medium_large size-medium_large wp-post-image\" alt=\"\" srcset=\"https:\/\/www.caritasbaribitonto.it\/public\/home\/img\/uploads\/2025\/03\/WhatsApp-Image-2025-03-23-at-12.21.20-4-1-1-e1742837576708.jpeg 468w, https:\/\/www.caritasbaribitonto.it\/public\/home\/img\/uploads\/2025\/03\/WhatsApp-Image-2025-03-23-at-12.21.20-4-1-1-e1742837576708-300x159.jpeg 300w\" sizes=\"auto, (max-width: 468px) 100vw, 468px\" \/><\/div><div class=\"gutentor-entry-meta gutentor-entry-meta-primary\"><\/div><\/div><div class=\"gutentor-post-content\"><h3 class=\"gutentor-post-title\"><a href=\"https:\/\/www.caritasbaribitonto.it\/public\/home\/2025\/03\/arcangela-fisioterapista-volontaria-in-costa-davorio\/\" rel=\"bookmark\">Arcangela, fisioterapista volontaria in Costa D&#8217;avorio<\/a><\/h3><\/div><\/div><\/article><article class='gutentor-post gutentor-carousel-item'><div class='gutentor-post-item'><div class='gutentor-post-image-box'><div class=\"gutentor-image-thumb\"><img loading=\"lazy\" decoding=\"async\" width=\"768\" height=\"526\" src=\"https:\/\/www.caritasbaribitonto.it\/public\/home\/img\/uploads\/2025\/01\/WhatsApp-Image-2025-01-18-at-20.11.25-1-e1738085001156-768x526.jpeg\" class=\"attachment-medium_large size-medium_large wp-post-image\" alt=\"\" srcset=\"https:\/\/www.caritasbaribitonto.it\/public\/home\/img\/uploads\/2025\/01\/WhatsApp-Image-2025-01-18-at-20.11.25-1-e1738085001156-768x526.jpeg 768w, https:\/\/www.caritasbaribitonto.it\/public\/home\/img\/uploads\/2025\/01\/WhatsApp-Image-2025-01-18-at-20.11.25-1-e1738085001156-300x205.jpeg 300w, https:\/\/www.caritasbaribitonto.it\/public\/home\/img\/uploads\/2025\/01\/WhatsApp-Image-2025-01-18-at-20.11.25-1-e1738085001156.jpeg 923w\" sizes=\"auto, (max-width: 768px) 100vw, 768px\" \/><\/div><div class=\"gutentor-entry-meta gutentor-entry-meta-primary\"><\/div><\/div><div class=\"gutentor-post-content\"><h3 class=\"gutentor-post-title\"><a href=\"https:\/\/www.caritasbaribitonto.it\/public\/home\/2025\/01\/da-bari-arianna-il-servizio-civile-in-guatemala\/\" rel=\"bookmark\">Da Bari, Arianna: il servizio civile in Guatemala<\/a><\/h3><\/div><\/div><\/article><\/div><\/div><\/section>\n<\/div>\n\n\n\n<div class=\"wp-block-column is-layout-flow wp-block-column-is-layout-flow\">\n<h3 class=\"wp-block-heading\">La festa dei Popoli<\/h3>\n\n\n\n<section class=\"gutentor-post-module section-g-1em5wwg gutentor-post-module-p1 gutentor_p1_template2 wp-block-gutentor-p1  has-color-bg has-custom-bg gutentor-blog-grid gutentor-slick-a-default-desktop gutentor-slick-a-default-tablet gutentor-slick-a-default-mobile\" id=\"g-1em5wwg\" data-gbid=\"g-1em5wwg\" >\n<div class='grid-container'><div class=' g-ssxsjgs gutentor-module-carousel-row' data-dots=\"false\" data-dotstablet=\"false\" data-dotsmobile=\"false\" data-nextarrow=\"fas fa-angle-right\" data-prevarrow=\"fas fa-angle-left\" data-arrows=\"true\" data-arrowstablet=\"true\" data-arrowsmobile=\"true\" data-arrowsPositionDesktop=\"gutentor-slick-a-default-desktop\" data-arrowsPositionTablet=\"gutentor-slick-a-default-tablet\" data-arrowsPositionMobile=\"gutentor-slick-a-default-mobile\" data-infinite=\"false\" data-speed=\"300\" data-autoplay=\"true\" data-autoplayspeed=\"3000\" data-pauseonfocus=\"true\" data-pauseonhover=\"true\" data-draggable=\"true\" data-cmondesktop=\"false\" data-cmontablet=\"false\" data-cmonmobile=\"false\" data-slideitemdesktop=\"1\" data-slideitemtablet=\"3\" data-slideitemmobile=\"2\" data-slidescroll-desktop=\"1\" data-slidescroll-tablet=\"3\" data-slidescroll-mobile=\"2\" ><article class='gutentor-post gutentor-carousel-item'><div class='gutentor-post-item'><div class='gutentor-post-image-box'><div class=\"gutentor-image-thumb\"><img loading=\"lazy\" decoding=\"async\" width=\"768\" height=\"1086\" src=\"https:\/\/www.caritasbaribitonto.it\/public\/home\/img\/uploads\/2025\/12\/image-1-768x1086.png\" class=\"attachment-medium_large size-medium_large wp-post-image\" alt=\"\" srcset=\"https:\/\/www.caritasbaribitonto.it\/public\/home\/img\/uploads\/2025\/12\/image-1-768x1086.png 768w, https:\/\/www.caritasbaribitonto.it\/public\/home\/img\/uploads\/2025\/12\/image-1-212x300.png 212w, https:\/\/www.caritasbaribitonto.it\/public\/home\/img\/uploads\/2025\/12\/image-1-724x1024.png 724w, https:\/\/www.caritasbaribitonto.it\/public\/home\/img\/uploads\/2025\/12\/image-1-1086x1536.png 1086w, https:\/\/www.caritasbaribitonto.it\/public\/home\/img\/uploads\/2025\/12\/image-1.png 1131w\" sizes=\"auto, (max-width: 768px) 100vw, 768px\" \/><\/div><div class=\"gutentor-entry-meta gutentor-entry-meta-primary\"><\/div><\/div><div class=\"gutentor-post-content\"><h3 class=\"gutentor-post-title\"><a href=\"https:\/\/www.caritasbaribitonto.it\/public\/home\/2025\/12\/festa-dei-popoli-2024\/\" rel=\"bookmark\">Festa dei Popoli 2024<\/a><\/h3><\/div><\/div><\/article><article class='gutentor-post gutentor-carousel-item'><div class='gutentor-post-item'><div class='gutentor-post-image-box'><div class=\"gutentor-image-thumb\"><img loading=\"lazy\" decoding=\"async\" width=\"768\" height=\"1086\" src=\"https:\/\/www.caritasbaribitonto.it\/public\/home\/img\/uploads\/2025\/12\/image-768x1086.png\" class=\"attachment-medium_large size-medium_large wp-post-image\" alt=\"\" srcset=\"https:\/\/www.caritasbaribitonto.it\/public\/home\/img\/uploads\/2025\/12\/image-768x1086.png 768w, https:\/\/www.caritasbaribitonto.it\/public\/home\/img\/uploads\/2025\/12\/image-212x300.png 212w, https:\/\/www.caritasbaribitonto.it\/public\/home\/img\/uploads\/2025\/12\/image-724x1024.png 724w, https:\/\/www.caritasbaribitonto.it\/public\/home\/img\/uploads\/2025\/12\/image-1086x1536.png 1086w, https:\/\/www.caritasbaribitonto.it\/public\/home\/img\/uploads\/2025\/12\/image.png 1448w\" sizes=\"auto, (max-width: 768px) 100vw, 768px\" \/><\/div><div class=\"gutentor-entry-meta gutentor-entry-meta-primary\"><\/div><\/div><div class=\"gutentor-post-content\"><h3 class=\"gutentor-post-title\"><a href=\"https:\/\/www.caritasbaribitonto.it\/public\/home\/2025\/12\/festa-dei-popoli-2025\/\" rel=\"bookmark\">Festa dei Popoli 2025<\/a><\/h3><\/div><\/div><\/article><\/div><\/div><\/section>\n<\/div>\n<\/div>\n\n\n\n<p><\/p>\n","protected":false},"excerpt":{"rendered":"<p>Vivere in un mondo globalizzato impone a tutti&nbsp; un supplemento di attenzione e di impegno, affinch\u00e9 la difesa della dignit\u00e0 [&hellip;]<\/p>\n","protected":false},"author":1,"featured_media":7201,"parent":0,"menu_order":0,"comment_status":"closed","ping_status":"closed","template":"","meta":{"_uag_custom_page_level_css":"","site-sidebar-layout":"default","site-content-layout":"","ast-site-content-layout":"default","site-content-style":"default","site-sidebar-style":"default","ast-global-header-display":"","ast-banner-title-visibility":"","ast-main-header-display":"","ast-hfb-above-header-display":"","ast-hfb-below-header-display":"","ast-hfb-mobile-header-display":"","site-post-title":"","ast-breadcrumbs-content":"","ast-featured-img":"disabled","footer-sml-layout":"","theme-transparent-header-meta":"","adv-header-id-meta":"","stick-header-meta":"","header-above-stick-meta":"","header-main-stick-meta":"","header-below-stick-meta":"","astra-migrate-meta-layouts":"default","ast-page-background-enabled":"default","ast-page-background-meta":{"desktop":{"background-color":"var(--ast-global-color-5)","background-image":"","background-repeat":"repeat","background-position":"center center","background-size":"auto","background-attachment":"scroll","background-type":"","background-media":"","overlay-type":"","overlay-color":"","overlay-opacity":"","overlay-gradient":""},"tablet":{"background-color":"","background-image":"","background-repeat":"repeat","background-position":"center center","background-size":"auto","background-attachment":"scroll","background-type":"","background-media":"","overlay-type":"","overlay-color":"","overlay-opacity":"","overlay-gradient":""},"mobile":{"background-color":"","background-image":"","background-repeat":"repeat","background-position":"center center","background-size":"auto","background-attachment":"scroll","background-type":"","background-media":"","overlay-type":"","overlay-color":"","overlay-opacity":"","overlay-gradient":""}},"ast-content-background-meta":{"desktop":{"background-color":"var(--ast-global-color-4)","background-image":"","background-repeat":"repeat","background-position":"center center","background-size":"auto","background-attachment":"scroll","background-type":"","background-media":"","overlay-type":"","overlay-color":"","overlay-opacity":"","overlay-gradient":""},"tablet":{"background-color":"var(--ast-global-color-4)","background-image":"","background-repeat":"repeat","background-position":"center center","background-size":"auto","background-attachment":"scroll","background-type":"","background-media":"","overlay-type":"","overlay-color":"","overlay-opacity":"","overlay-gradient":""},"mobile":{"background-color":"var(--ast-global-color-4)","background-image":"","background-repeat":"repeat","background-position":"center center","background-size":"auto","background-attachment":"scroll","background-type":"","background-media":"","overlay-type":"","overlay-color":"","overlay-opacity":"","overlay-gradient":""}},"footnotes":""},"class_list":["post-7173","page","type-page","status-publish","has-post-thumbnail","hentry"],"yoast_head":"<!-- This site is optimized with the Yoast SEO plugin v26.8 - https:\/\/yoast.com\/product\/yoast-seo-wordpress\/ -->\r\n<title>Mondialit\u00e0 - Caritas Diocesana Bari-Bitonto<\/title>\r\n<meta name=\"robots\" content=\"index, follow, max-snippet:-1, max-image-preview:large, max-video-preview:-1\" \/>\r\n<link rel=\"canonical\" href=\"https:\/\/www.caritasbaribitonto.it\/public\/home\/mondialita\/\" \/>\r\n<meta property=\"og:locale\" content=\"it_IT\" \/>\r\n<meta property=\"og:type\" content=\"article\" \/>\r\n<meta property=\"og:title\" content=\"Mondialit\u00e0 - Caritas Diocesana Bari-Bitonto\" \/>\r\n<meta property=\"og:description\" content=\"Vivere in un mondo globalizzato impone a tutti&nbsp; un supplemento di attenzione e di impegno, affinch\u00e9 la difesa della dignit\u00e0 [&hellip;]\" \/>\r\n<meta property=\"og:url\" content=\"https:\/\/www.caritasbaribitonto.it\/public\/home\/mondialita\/\" \/>\r\n<meta property=\"og:site_name\" content=\"Caritas Diocesana Bari-Bitonto\" \/>\r\n<meta property=\"article:publisher\" content=\"https:\/\/www.facebook.com\/pages\/Caritas-Diocesana-Bari-Bitonto\/533981476753770\" \/>\r\n<meta property=\"article:modified_time\" content=\"2025-12-17T12:04:11+00:00\" \/>\r\n<meta property=\"og:image\" content=\"https:\/\/www.caritasbaribitonto.it\/public\/home\/img\/uploads\/2025\/01\/animals-2730764_960_7201.png\" \/>\r\n\t<meta property=\"og:image:width\" content=\"960\" \/>\r\n\t<meta property=\"og:image:height\" content=\"480\" \/>\r\n\t<meta property=\"og:image:type\" content=\"image\/png\" \/>\r\n<meta name=\"twitter:card\" content=\"summary_large_image\" \/>\r\n<meta name=\"twitter:label1\" content=\"Tempo di lettura stimato\" \/>\n\t<meta name=\"twitter:data1\" content=\"1 minuto\" \/>\r\n<script type=\"application\/ld+json\" class=\"yoast-schema-graph\">{\"@context\":\"https:\/\/schema.org\",\"@graph\":[{\"@type\":\"WebPage\",\"@id\":\"https:\/\/www.caritasbaribitonto.it\/public\/home\/mondialita\/\",\"url\":\"https:\/\/www.caritasbaribitonto.it\/public\/home\/mondialita\/\",\"name\":\"Mondialit\u00e0 - Caritas Diocesana Bari-Bitonto\",\"isPartOf\":{\"@id\":\"https:\/\/www.caritasbaribitonto.it\/public\/home\/#website\"},\"primaryImageOfPage\":{\"@id\":\"https:\/\/www.caritasbaribitonto.it\/public\/home\/mondialita\/#primaryimage\"},\"image\":{\"@id\":\"https:\/\/www.caritasbaribitonto.it\/public\/home\/mondialita\/#primaryimage\"},\"thumbnailUrl\":\"https:\/\/www.caritasbaribitonto.it\/public\/home\/img\/uploads\/2025\/01\/animals-2730764_960_7201.png\",\"datePublished\":\"2025-01-28T17:32:32+00:00\",\"dateModified\":\"2025-12-17T12:04:11+00:00\",\"breadcrumb\":{\"@id\":\"https:\/\/www.caritasbaribitonto.it\/public\/home\/mondialita\/#breadcrumb\"},\"inLanguage\":\"it-IT\",\"potentialAction\":[{\"@type\":\"ReadAction\",\"target\":[\"https:\/\/www.caritasbaribitonto.it\/public\/home\/mondialita\/\"]}]},{\"@type\":\"ImageObject\",\"inLanguage\":\"it-IT\",\"@id\":\"https:\/\/www.caritasbaribitonto.it\/public\/home\/mondialita\/#primaryimage\",\"url\":\"https:\/\/www.caritasbaribitonto.it\/public\/home\/img\/uploads\/2025\/01\/animals-2730764_960_7201.png\",\"contentUrl\":\"https:\/\/www.caritasbaribitonto.it\/public\/home\/img\/uploads\/2025\/01\/animals-2730764_960_7201.png\",\"width\":960,\"height\":480},{\"@type\":\"BreadcrumbList\",\"@id\":\"https:\/\/www.caritasbaribitonto.it\/public\/home\/mondialita\/#breadcrumb\",\"itemListElement\":[{\"@type\":\"ListItem\",\"position\":1,\"name\":\"Home\",\"item\":\"https:\/\/www.caritasbaribitonto.it\/public\/home\/\"},{\"@type\":\"ListItem\",\"position\":2,\"name\":\"Mondialit\u00e0\"}]},{\"@type\":\"WebSite\",\"@id\":\"https:\/\/www.caritasbaribitonto.it\/public\/home\/#website\",\"url\":\"https:\/\/www.caritasbaribitonto.it\/public\/home\/\",\"name\":\"Caritas Diocesana Bari-Bitonto\",\"description\":\"I santi della porta accanto\",\"publisher\":{\"@id\":\"https:\/\/www.caritasbaribitonto.it\/public\/home\/#organization\"},\"potentialAction\":[{\"@type\":\"SearchAction\",\"target\":{\"@type\":\"EntryPoint\",\"urlTemplate\":\"https:\/\/www.caritasbaribitonto.it\/public\/home\/?s={search_term_string}\"},\"query-input\":{\"@type\":\"PropertyValueSpecification\",\"valueRequired\":true,\"valueName\":\"search_term_string\"}}],\"inLanguage\":\"it-IT\"},{\"@type\":\"Organization\",\"@id\":\"https:\/\/www.caritasbaribitonto.it\/public\/home\/#organization\",\"name\":\"Caritas Diocesana Bari-Bitonto\",\"url\":\"https:\/\/www.caritasbaribitonto.it\/public\/home\/\",\"logo\":{\"@type\":\"ImageObject\",\"inLanguage\":\"it-IT\",\"@id\":\"https:\/\/www.caritasbaribitonto.it\/public\/home\/#\/schema\/logo\/image\/\",\"url\":\"https:\/\/www.caritasbaribitonto.it\/public\/home\/img\/uploads\/2025\/02\/cropped-cropped-caritas2025_350x112.png\",\"contentUrl\":\"https:\/\/www.caritasbaribitonto.it\/public\/home\/img\/uploads\/2025\/02\/cropped-cropped-caritas2025_350x112.png\",\"width\":350,\"height\":112,\"caption\":\"Caritas Diocesana Bari-Bitonto\"},\"image\":{\"@id\":\"https:\/\/www.caritasbaribitonto.it\/public\/home\/#\/schema\/logo\/image\/\"},\"sameAs\":[\"https:\/\/www.facebook.com\/pages\/Caritas-Diocesana-Bari-Bitonto\/533981476753770\"]}]}<\/script>\r\n<!-- \/ Yoast SEO plugin. -->","yoast_head_json":{"title":"Mondialit\u00e0 - Caritas Diocesana Bari-Bitonto","robots":{"index":"index","follow":"follow","max-snippet":"max-snippet:-1","max-image-preview":"max-image-preview:large","max-video-preview":"max-video-preview:-1"},"canonical":"https:\/\/www.caritasbaribitonto.it\/public\/home\/mondialita\/","og_locale":"it_IT","og_type":"article","og_title":"Mondialit\u00e0 - Caritas Diocesana Bari-Bitonto","og_description":"Vivere in un mondo globalizzato impone a tutti&nbsp; un supplemento di attenzione e di impegno, affinch\u00e9 la difesa della dignit\u00e0 [&hellip;]","og_url":"https:\/\/www.caritasbaribitonto.it\/public\/home\/mondialita\/","og_site_name":"Caritas Diocesana Bari-Bitonto","article_publisher":"https:\/\/www.facebook.com\/pages\/Caritas-Diocesana-Bari-Bitonto\/533981476753770","article_modified_time":"2025-12-17T12:04:11+00:00","og_image":[{"width":960,"height":480,"url":"https:\/\/www.caritasbaribitonto.it\/public\/home\/img\/uploads\/2025\/01\/animals-2730764_960_7201.png","type":"image\/png"}],"twitter_card":"summary_large_image","twitter_misc":{"Tempo di lettura stimato":"1 minuto"},"schema":{"@context":"https:\/\/schema.org","@graph":[{"@type":"WebPage","@id":"https:\/\/www.caritasbaribitonto.it\/public\/home\/mondialita\/","url":"https:\/\/www.caritasbaribitonto.it\/public\/home\/mondialita\/","name":"Mondialit\u00e0 - Caritas Diocesana Bari-Bitonto","isPartOf":{"@id":"https:\/\/www.caritasbaribitonto.it\/public\/home\/#website"},"primaryImageOfPage":{"@id":"https:\/\/www.caritasbaribitonto.it\/public\/home\/mondialita\/#primaryimage"},"image":{"@id":"https:\/\/www.caritasbaribitonto.it\/public\/home\/mondialita\/#primaryimage"},"thumbnailUrl":"https:\/\/www.caritasbaribitonto.it\/public\/home\/img\/uploads\/2025\/01\/animals-2730764_960_7201.png","datePublished":"2025-01-28T17:32:32+00:00","dateModified":"2025-12-17T12:04:11+00:00","breadcrumb":{"@id":"https:\/\/www.caritasbaribitonto.it\/public\/home\/mondialita\/#breadcrumb"},"inLanguage":"it-IT","potentialAction":[{"@type":"ReadAction","target":["https:\/\/www.caritasbaribitonto.it\/public\/home\/mondialita\/"]}]},{"@type":"ImageObject","inLanguage":"it-IT","@id":"https:\/\/www.caritasbaribitonto.it\/public\/home\/mondialita\/#primaryimage","url":"https:\/\/www.caritasbaribitonto.it\/public\/home\/img\/uploads\/2025\/01\/animals-2730764_960_7201.png","contentUrl":"https:\/\/www.caritasbaribitonto.it\/public\/home\/img\/uploads\/2025\/01\/animals-2730764_960_7201.png","width":960,"height":480},{"@type":"BreadcrumbList","@id":"https:\/\/www.caritasbaribitonto.it\/public\/home\/mondialita\/#breadcrumb","itemListElement":[{"@type":"ListItem","position":1,"name":"Home","item":"https:\/\/www.caritasbaribitonto.it\/public\/home\/"},{"@type":"ListItem","position":2,"name":"Mondialit\u00e0"}]},{"@type":"WebSite","@id":"https:\/\/www.caritasbaribitonto.it\/public\/home\/#website","url":"https:\/\/www.caritasbaribitonto.it\/public\/home\/","name":"Caritas Diocesana Bari-Bitonto","description":"I santi della porta accanto","publisher":{"@id":"https:\/\/www.caritasbaribitonto.it\/public\/home\/#organization"},"potentialAction":[{"@type":"SearchAction","target":{"@type":"EntryPoint","urlTemplate":"https:\/\/www.caritasbaribitonto.it\/public\/home\/?s={search_term_string}"},"query-input":{"@type":"PropertyValueSpecification","valueRequired":true,"valueName":"search_term_string"}}],"inLanguage":"it-IT"},{"@type":"Organization","@id":"https:\/\/www.caritasbaribitonto.it\/public\/home\/#organization","name":"Caritas Diocesana Bari-Bitonto","url":"https:\/\/www.caritasbaribitonto.it\/public\/home\/","logo":{"@type":"ImageObject","inLanguage":"it-IT","@id":"https:\/\/www.caritasbaribitonto.it\/public\/home\/#\/schema\/logo\/image\/","url":"https:\/\/www.caritasbaribitonto.it\/public\/home\/img\/uploads\/2025\/02\/cropped-cropped-caritas2025_350x112.png","contentUrl":"https:\/\/www.caritasbaribitonto.it\/public\/home\/img\/uploads\/2025\/02\/cropped-cropped-caritas2025_350x112.png","width":350,"height":112,"caption":"Caritas Diocesana Bari-Bitonto"},"image":{"@id":"https:\/\/www.caritasbaribitonto.it\/public\/home\/#\/schema\/logo\/image\/"},"sameAs":["https:\/\/www.facebook.com\/pages\/Caritas-Diocesana-Bari-Bitonto\/533981476753770"]}]}},"uagb_featured_image_src":{"full":["https:\/\/www.caritasbaribitonto.it\/public\/home\/img\/uploads\/2025\/01\/animals-2730764_960_7201.png",960,480,false],"thumbnail":["https:\/\/www.caritasbaribitonto.it\/public\/home\/img\/uploads\/2025\/01\/animals-2730764_960_7201-150x150.png",150,150,true],"medium":["https:\/\/www.caritasbaribitonto.it\/public\/home\/img\/uploads\/2025\/01\/animals-2730764_960_7201-300x150.png",300,150,true],"medium_large":["https:\/\/www.caritasbaribitonto.it\/public\/home\/img\/uploads\/2025\/01\/animals-2730764_960_7201-768x384.png",768,384,true],"large":["https:\/\/www.caritasbaribitonto.it\/public\/home\/img\/uploads\/2025\/01\/animals-2730764_960_7201.png",960,480,false],"1536x1536":["https:\/\/www.caritasbaribitonto.it\/public\/home\/img\/uploads\/2025\/01\/animals-2730764_960_7201.png",960,480,false],"2048x2048":["https:\/\/www.caritasbaribitonto.it\/public\/home\/img\/uploads\/2025\/01\/animals-2730764_960_7201.png",960,480,false]},"uagb_author_info":{"display_name":"Giovanni Caputo","author_link":"https:\/\/www.caritasbaribitonto.it\/public\/home\/author\/admin\/"},"uagb_comment_info":0,"uagb_excerpt":"Vivere in un mondo globalizzato impone a tutti&nbsp; un supplemento di attenzione e di impegno, affinch\u00e9 la difesa della dignit\u00e0 [&hellip;]","_links":{"self":[{"href":"https:\/\/www.caritasbaribitonto.it\/public\/home\/wp-json\/wp\/v2\/pages\/7173","targetHints":{"allow":["GET"]}}],"collection":[{"href":"https:\/\/www.caritasbaribitonto.it\/public\/home\/wp-json\/wp\/v2\/pages"}],"about":[{"href":"https:\/\/www.caritasbaribitonto.it\/public\/home\/wp-json\/wp\/v2\/types\/page"}],"author":[{"embeddable":true,"href":"https:\/\/www.caritasbaribitonto.it\/public\/home\/wp-json\/wp\/v2\/users\/1"}],"replies":[{"embeddable":true,"href":"https:\/\/www.caritasbaribitonto.it\/public\/home\/wp-json\/wp\/v2\/comments?post=7173"}],"version-history":[{"count":6,"href":"https:\/\/www.caritasbaribitonto.it\/public\/home\/wp-json\/wp\/v2\/pages\/7173\/revisions"}],"predecessor-version":[{"id":8422,"href":"https:\/\/www.caritasbaribitonto.it\/public\/home\/wp-json\/wp\/v2\/pages\/7173\/revisions\/8422"}],"wp:featuredmedia":[{"embeddable":true,"href":"https:\/\/www.caritasbaribitonto.it\/public\/home\/wp-json\/wp\/v2\/media\/7201"}],"wp:attachment":[{"href":"https:\/\/www.caritasbaribitonto.it\/public\/home\/wp-json\/wp\/v2\/media?parent=7173"}],"curies":[{"name":"wp","href":"https:\/\/api.w.org\/{rel}","templated":true}]}}