{"id":4136,"date":"2016-05-19T09:31:07","date_gmt":"2016-05-19T07:31:07","guid":{"rendered":"http:\/\/www.caritasbaribitonto.it\/public\/home\/?page_id=4136"},"modified":"2025-10-04T12:07:53","modified_gmt":"2025-10-04T10:07:53","slug":"materiale-per-losservazione","status":"publish","type":"page","link":"https:\/\/www.caritasbaribitonto.it\/public\/home\/ascolto-osservazione-formazione\/osservatorio\/materiale-per-losservazione\/","title":{"rendered":"Materiale per l&#8217;osservazione"},"content":{"rendered":"<p style=\"text-align: left;\"><em>\u201cRelazioni, rilevazioni, discernimento, ci aprono gli occhi sulle persone, ci aiutano ad ascoltare drammi e sofferenze, ad osservare dinamiche e disponibilit\u00e0, a discernere, a decidere, a mobilitare la comunit\u00e0 ed il territorio per esprimere solidariet\u00e0 e condivisione. Inoltre, per la Caritas, ascoltare, osservare e discernere non \u00e8 soltanto un metodo, ma un percorso educativo che nasce da relazioni e porta a nuove relazioni in mezzo ai tanti interrogativi e alle diverse domande che ogni incontro e relazione sollecitano. [\u2026] Dio \u00e8 nella quotidianit\u00e0 dei nostri incontri al Centro di ascolto e nel nostro osservare e vedere, capire e accompagnare le persone. Questo ci chiede di essere \u201caperti\u201d a tutta la realt\u00e0: agli altri, al forestiero, agli imprevisti, alla storia, a Dio.\u201d (Osservare per Animare, capitolo 1, Caritas Italiana)<\/em><\/p>\n<p>La scheda di ascolto che vi presentiamo non ha la pretesa di contenere tutte le domande e quindi tutte le risposte necessarie per accogliere ed aiutare i nostri fratelli in difficolt\u00e0, ma si pone come obiettivo quello di fornire agli operatori dei Centri di Ascolto e delle Caritas Parrocchiali una visione condivisa ed efficace, in modo da cogliere le esigenze e le necessit\u00e0 delle persone che accoglieremo. Attraverso l\u2019ascolto e l\u2019attenta osservazione delle persone e delle situazioni di vita in cui si muovono possiamo condividere la nostra Fede e nella Speranza di alleggerirne i pesi, mediante l\u2019esercizio della Carit\u00e0.<\/p>\n<p><strong>Punti fermi<\/strong><br \/>\nLa raccolta sistematica dei dati presso i CdA consente inoltre di <strong><em>cogliere la trasformazione<\/em><\/strong> dell\u2019utenza, di adattare il servizio a tali mutamenti e <strong><em>stimolare la comunit\u00e0 locale<\/em><\/strong> sulla presa in carico dei bisogni sociali emergenti. L\u2019abitudine ad utilizzare in modo sistematico la scheda utente favorisce presso gli operatori dei CdA la <strong><em>cultura dell\u2019osservazione<\/em><\/strong>.<br \/>\nI dati raccolti presso i CdA costituiscono la <strong><em>stima di \u201cpovert\u00e0 minima\u201d di un territorio<\/em><\/strong> (i poveri di un territorio non possono essere in numero inferiore a quello delle persone che si rivolgono ai CdA).<br \/>\nLa raccolta congiunta di dati provenienti da diversi enti assistenziali del territorio consente di <strong><em>migliorare il livello di lavoro in rete.<\/em><\/strong><br \/>\nIl metodo proposto ha l\u2019obiettivo di sostenere, insieme alle Parrocchie interessate, in maniera pi\u00f9 efficace l\u2019attivit\u00e0 di raccolta dati relativa alle persone in difficolt\u00e0 da parte dei <a href=\"http:\/\/www.caritasitaliana.it\/pls\/caritasitaliana\/v3_s2ew_consultazione.mostra_pagina?id_pagina=388\" data-saferedirecturl=\"https:\/\/www.google.com\/url?hl=it&amp;q=http:\/\/www.caritasitaliana.it\/pls\/caritasitaliana\/v3_s2ew_consultazione.mostra_pagina?id_pagina%3D388&amp;source=gmail&amp;ust=1463728895880000&amp;usg=AFQjCNHOcgtD7qr9-DaITU9yDjzQYaJRZg\">Centri di Ascolto<\/a> e degli <a href=\"http:\/\/www.caritasitaliana.it\/home_page_archivio\/tutti_i_temi\/00000547_Osservatori_delle_poverta_e_delle_risorse.html\" data-saferedirecturl=\"https:\/\/www.google.com\/url?hl=it&amp;q=http:\/\/www.caritasitaliana.it\/home_page_archivio\/tutti_i_temi\/00000547_Osservatori_delle_poverta_e_delle_risorse.html&amp;source=gmail&amp;ust=1463728895880000&amp;usg=AFQjCNFnpRdtN6gJz1I5CmTTeQt5brIitw\">Osservatori delle Povert\u00e0 e delle Risorse<\/a> promossi dalle Caritas diocesane attraverso il <strong><em>sistema Ospoweb.<\/em><\/strong><\/p>\n<p><strong>Lo strumento<\/strong><br \/>\nLa scheda \u00e8 costruita secondo le indicazioni e le classificazioni proposte da Caritas Italiana, ma pu\u00f2 certamente essere adattata a seconda dei contesti territoriali e delle differenti caratteristiche dei Centri di Ascolto. Essa esplora diverse aree di riferimento:<\/p>\n<ul>\n<li>DATI ANAGRAFICI<\/li>\n<li>BISOGNI<\/li>\n<li>RICHIESTE ED INTERVENTI<\/li>\n<\/ul>\n<div class=\"su-row\"><div class=\"su-column su-column-size-1-2\"><div class=\"su-column-inner su-u-clearfix su-u-trim\"><div class=\"sdm_fancy_template_wrapper\"><div class=\"sdm_fancy2_item \"><div class=\"sdm_fancy2_wrapper\"><div class=\"sdm_fancy2_download_item_top\"><div class=\"sdm_fancy2_download_thumbnail\"><\/div><\/div><div class=\"sdm_fancy2_download_title\">Scheda utente parrocchie<\/div><div class=\"sdm_fancy2_download_link\"><a href=\"https:\/\/www.caritasbaribitonto.it\/public\/home\/?sdm_process_download=1&download_id=4146\" class=\"sdm_fancy2_download_dl_link\" target=\"_self\">Download<\/a><\/div><\/div><\/div><\/div><div class=\"sdm_clear_float\"><\/div><\/div><\/div><\/div>\nLa scheda \u00e8 inoltre corredata di un piccolo manuale esplicativo di tutte le voci di compilazione della scheda e di un piccolo glossario che riporta l\u2019intera classificazione di Caritas Italiana degli indicatori per le Aree \u201cBisogni\u201d e \u201cRichieste ed Interventi\u201d.<\/p>\n<div class=\"su-row\">\n<div class=\"su-column su-column-size-1-2\"><div class=\"su-column-inner su-u-clearfix su-u-trim\"><div class=\"sdm_fancy_template_wrapper\"><div class=\"sdm_fancy2_item \"><div class=\"sdm_fancy2_wrapper\"><div class=\"sdm_fancy2_download_item_top\"><div class=\"sdm_fancy2_download_thumbnail\"><\/div><\/div><div class=\"sdm_fancy2_download_title\">Guida per la scheda utente parrocchie<\/div><div class=\"sdm_fancy2_download_link\"><a href=\"https:\/\/www.caritasbaribitonto.it\/public\/home\/?sdm_process_download=1&download_id=4139\" class=\"sdm_fancy2_download_dl_link\" target=\"_self\">Download<\/a><\/div><\/div><\/div><\/div><div class=\"sdm_clear_float\"><\/div><\/div><\/div>\n<div class=\"su-column su-column-size-1-2\"><div class=\"su-column-inner su-u-clearfix su-u-trim\"><div class=\"sdm_fancy_template_wrapper\"><div class=\"sdm_fancy2_item \"><div class=\"sdm_fancy2_wrapper\"><div class=\"sdm_fancy2_download_item_top\"><div class=\"sdm_fancy2_download_thumbnail\"><\/div><\/div><div class=\"sdm_fancy2_download_title\">Glossario per la scheda utente parrocchie<\/div><div class=\"sdm_fancy2_download_link\"><a href=\"https:\/\/www.caritasbaribitonto.it\/public\/home\/?sdm_process_download=1&download_id=4145\" class=\"sdm_fancy2_download_dl_link\" target=\"_self\">Download<\/a><\/div><\/div><\/div><\/div><div class=\"sdm_clear_float\"><\/div><\/div><\/div>\n<\/div>\n<p><strong><em>Gli operatori dell\u2019Osservatorio Diocesano delle Povert\u00e0 e delle Risorse sono a vostra disposizione per chiarimenti e aiuto in queste prima fasi di utilizzo della scheda; potete contattarci scrivendo un mail a <a href=\"mailto:orp@caritasbaribitonto.it\">orp@caritasbaribitonto.it<\/a><\/em><\/strong><strong><em> oppure chiamando presso la sede Caritas di Bari-Bitonto al numero 0805237311. Saremo grati a quanti vorranno comunicarci la scelta di utilizzare questo strumento in modo da condividere suggerimenti e\/o difficolt\u00e0 incontrate.<\/em><\/strong><\/p>\n<p style=\"text-align: right;\"><em>Osservatorio delle Povert\u00e0 e delle Risorse<\/em><br \/>\n<em>della Caritas Diocesana di Bari-Bitonto<\/em><\/p>\n","protected":false},"excerpt":{"rendered":"<p>\u201cRelazioni, rilevazioni, discernimento, ci aprono gli occhi sulle persone, ci aiutano ad ascoltare drammi e sofferenze, ad osservare dinamiche e [&hellip;]<\/p>\n","protected":false},"author":570,"featured_media":0,"parent":3371,"menu_order":0,"comment_status":"closed","ping_status":"closed","template":"","meta":{"_uag_custom_page_level_css":"","site-sidebar-layout":"default","site-content-layout":"","ast-site-content-layout":"default","site-content-style":"default","site-sidebar-style":"default","ast-global-header-display":"","ast-banner-title-visibility":"","ast-main-header-display":"","ast-hfb-above-header-display":"","ast-hfb-below-header-display":"","ast-hfb-mobile-header-display":"","site-post-title":"","ast-breadcrumbs-content":"","ast-featured-img":"","footer-sml-layout":"","theme-transparent-header-meta":"","adv-header-id-meta":"","stick-header-meta":"","header-above-stick-meta":"","header-main-stick-meta":"","header-below-stick-meta":"","astra-migrate-meta-layouts":"default","ast-page-background-enabled":"default","ast-page-background-meta":{"desktop":{"background-color":"var(--ast-global-color-5)","background-image":"","background-repeat":"repeat","background-position":"center center","background-size":"auto","background-attachment":"scroll","background-type":"","background-media":"","overlay-type":"","overlay-color":"","overlay-opacity":"","overlay-gradient":""},"tablet":{"background-color":"","background-image":"","background-repeat":"repeat","background-position":"center center","background-size":"auto","background-attachment":"scroll","background-type":"","background-media":"","overlay-type":"","overlay-color":"","overlay-opacity":"","overlay-gradient":""},"mobile":{"background-color":"","background-image":"","background-repeat":"repeat","background-position":"center center","background-size":"auto","background-attachment":"scroll","background-type":"","background-media":"","overlay-type":"","overlay-color":"","overlay-opacity":"","overlay-gradient":""}},"ast-content-background-meta":{"desktop":{"background-color":"var(--ast-global-color-4)","background-image":"","background-repeat":"repeat","background-position":"center center","background-size":"auto","background-attachment":"scroll","background-type":"","background-media":"","overlay-type":"","overlay-color":"","overlay-opacity":"","overlay-gradient":""},"tablet":{"background-color":"var(--ast-global-color-4)","background-image":"","background-repeat":"repeat","background-position":"center center","background-size":"auto","background-attachment":"scroll","background-type":"","background-media":"","overlay-type":"","overlay-color":"","overlay-opacity":"","overlay-gradient":""},"mobile":{"background-color":"var(--ast-global-color-4)","background-image":"","background-repeat":"repeat","background-position":"center center","background-size":"auto","background-attachment":"scroll","background-type":"","background-media":"","overlay-type":"","overlay-color":"","overlay-opacity":"","overlay-gradient":""}},"footnotes":""},"class_list":["post-4136","page","type-page","status-publish","hentry"],"yoast_head":"<!-- This site is optimized with the Yoast SEO plugin v26.8 - https:\/\/yoast.com\/product\/yoast-seo-wordpress\/ -->\r\n<title>Materiale per l&#039;osservazione - Caritas Diocesana Bari-Bitonto<\/title>\r\n<meta name=\"description\" content=\"La raccolta sistematica dei dati presso i CdA consente inoltre di cogliere la trasformazione dell\u2019utenza, di adattare il servizio a tali mutamenti\" \/>\r\n<meta name=\"robots\" content=\"index, follow, max-snippet:-1, max-image-preview:large, max-video-preview:-1\" \/>\r\n<link rel=\"canonical\" href=\"https:\/\/www.caritasbaribitonto.it\/public\/home\/ascolto-osservazione-formazione\/osservatorio\/materiale-per-losservazione\/\" \/>\r\n<meta property=\"og:locale\" content=\"it_IT\" \/>\r\n<meta property=\"og:type\" content=\"article\" \/>\r\n<meta property=\"og:title\" content=\"Materiale per l&#039;osservazione - Caritas Diocesana Bari-Bitonto\" \/>\r\n<meta property=\"og:description\" content=\"La raccolta sistematica dei dati presso i CdA consente inoltre di cogliere la trasformazione dell\u2019utenza, di adattare il servizio a tali mutamenti\" \/>\r\n<meta property=\"og:url\" content=\"https:\/\/www.caritasbaribitonto.it\/public\/home\/ascolto-osservazione-formazione\/osservatorio\/materiale-per-losservazione\/\" \/>\r\n<meta property=\"og:site_name\" content=\"Caritas Diocesana Bari-Bitonto\" \/>\r\n<meta property=\"article:publisher\" content=\"https:\/\/www.facebook.com\/pages\/Caritas-Diocesana-Bari-Bitonto\/533981476753770\" \/>\r\n<meta property=\"article:modified_time\" content=\"2025-10-04T10:07:53+00:00\" \/>\r\n<meta property=\"og:image\" content=\"https:\/\/www.caritasbaribitonto.it\/public\/home\/img\/uploads\/2015\/06\/molosantantonioBari.jpg\" \/>\r\n\t<meta property=\"og:image:width\" content=\"990\" \/>\r\n\t<meta property=\"og:image:height\" content=\"658\" \/>\r\n\t<meta property=\"og:image:type\" content=\"image\/jpeg\" \/>\r\n<meta name=\"twitter:card\" content=\"summary_large_image\" \/>\r\n<meta name=\"twitter:label1\" content=\"Tempo di lettura stimato\" \/>\n\t<meta name=\"twitter:data1\" content=\"3 minuti\" \/>\r\n<script type=\"application\/ld+json\" class=\"yoast-schema-graph\">{\"@context\":\"https:\/\/schema.org\",\"@graph\":[{\"@type\":\"WebPage\",\"@id\":\"https:\/\/www.caritasbaribitonto.it\/public\/home\/ascolto-osservazione-formazione\/osservatorio\/materiale-per-losservazione\/\",\"url\":\"https:\/\/www.caritasbaribitonto.it\/public\/home\/ascolto-osservazione-formazione\/osservatorio\/materiale-per-losservazione\/\",\"name\":\"Materiale per l'osservazione - Caritas Diocesana Bari-Bitonto\",\"isPartOf\":{\"@id\":\"https:\/\/www.caritasbaribitonto.it\/public\/home\/#website\"},\"datePublished\":\"2016-05-19T07:31:07+00:00\",\"dateModified\":\"2025-10-04T10:07:53+00:00\",\"description\":\"La raccolta sistematica dei dati presso i CdA consente inoltre di cogliere la trasformazione dell\u2019utenza, di adattare il servizio a tali mutamenti\",\"breadcrumb\":{\"@id\":\"https:\/\/www.caritasbaribitonto.it\/public\/home\/ascolto-osservazione-formazione\/osservatorio\/materiale-per-losservazione\/#breadcrumb\"},\"inLanguage\":\"it-IT\",\"potentialAction\":[{\"@type\":\"ReadAction\",\"target\":[\"https:\/\/www.caritasbaribitonto.it\/public\/home\/ascolto-osservazione-formazione\/osservatorio\/materiale-per-losservazione\/\"]}]},{\"@type\":\"BreadcrumbList\",\"@id\":\"https:\/\/www.caritasbaribitonto.it\/public\/home\/ascolto-osservazione-formazione\/osservatorio\/materiale-per-losservazione\/#breadcrumb\",\"itemListElement\":[{\"@type\":\"ListItem\",\"position\":1,\"name\":\"Home\",\"item\":\"https:\/\/www.caritasbaribitonto.it\/public\/home\/\"},{\"@type\":\"ListItem\",\"position\":2,\"name\":\"Le azioni Caritas\",\"item\":\"https:\/\/www.caritasbaribitonto.it\/public\/home\/ascolto-osservazione-formazione\/\"},{\"@type\":\"ListItem\",\"position\":3,\"name\":\"L\u2019Osservatorio delle Povert\u00e0 e delle Risorse\",\"item\":\"https:\/\/www.caritasbaribitonto.it\/public\/home\/ascolto-osservazione-formazione\/osservatorio\/\"},{\"@type\":\"ListItem\",\"position\":4,\"name\":\"Materiale per l&#8217;osservazione\"}]},{\"@type\":\"WebSite\",\"@id\":\"https:\/\/www.caritasbaribitonto.it\/public\/home\/#website\",\"url\":\"https:\/\/www.caritasbaribitonto.it\/public\/home\/\",\"name\":\"Caritas Diocesana Bari-Bitonto\",\"description\":\"I santi della porta accanto\",\"publisher\":{\"@id\":\"https:\/\/www.caritasbaribitonto.it\/public\/home\/#organization\"},\"potentialAction\":[{\"@type\":\"SearchAction\",\"target\":{\"@type\":\"EntryPoint\",\"urlTemplate\":\"https:\/\/www.caritasbaribitonto.it\/public\/home\/?s={search_term_string}\"},\"query-input\":{\"@type\":\"PropertyValueSpecification\",\"valueRequired\":true,\"valueName\":\"search_term_string\"}}],\"inLanguage\":\"it-IT\"},{\"@type\":\"Organization\",\"@id\":\"https:\/\/www.caritasbaribitonto.it\/public\/home\/#organization\",\"name\":\"Caritas Diocesana Bari-Bitonto\",\"url\":\"https:\/\/www.caritasbaribitonto.it\/public\/home\/\",\"logo\":{\"@type\":\"ImageObject\",\"inLanguage\":\"it-IT\",\"@id\":\"https:\/\/www.caritasbaribitonto.it\/public\/home\/#\/schema\/logo\/image\/\",\"url\":\"https:\/\/www.caritasbaribitonto.it\/public\/home\/img\/uploads\/2025\/02\/cropped-cropped-caritas2025_350x112.png\",\"contentUrl\":\"https:\/\/www.caritasbaribitonto.it\/public\/home\/img\/uploads\/2025\/02\/cropped-cropped-caritas2025_350x112.png\",\"width\":350,\"height\":112,\"caption\":\"Caritas Diocesana Bari-Bitonto\"},\"image\":{\"@id\":\"https:\/\/www.caritasbaribitonto.it\/public\/home\/#\/schema\/logo\/image\/\"},\"sameAs\":[\"https:\/\/www.facebook.com\/pages\/Caritas-Diocesana-Bari-Bitonto\/533981476753770\"]}]}<\/script>\r\n<!-- \/ Yoast SEO plugin. -->","yoast_head_json":{"title":"Materiale per l'osservazione - Caritas Diocesana Bari-Bitonto","description":"La raccolta sistematica dei dati presso i CdA consente inoltre di cogliere la trasformazione dell\u2019utenza, di adattare il servizio a tali mutamenti","robots":{"index":"index","follow":"follow","max-snippet":"max-snippet:-1","max-image-preview":"max-image-preview:large","max-video-preview":"max-video-preview:-1"},"canonical":"https:\/\/www.caritasbaribitonto.it\/public\/home\/ascolto-osservazione-formazione\/osservatorio\/materiale-per-losservazione\/","og_locale":"it_IT","og_type":"article","og_title":"Materiale per l'osservazione - Caritas Diocesana Bari-Bitonto","og_description":"La raccolta sistematica dei dati presso i CdA consente inoltre di cogliere la trasformazione dell\u2019utenza, di adattare il servizio a tali mutamenti","og_url":"https:\/\/www.caritasbaribitonto.it\/public\/home\/ascolto-osservazione-formazione\/osservatorio\/materiale-per-losservazione\/","og_site_name":"Caritas Diocesana Bari-Bitonto","article_publisher":"https:\/\/www.facebook.com\/pages\/Caritas-Diocesana-Bari-Bitonto\/533981476753770","article_modified_time":"2025-10-04T10:07:53+00:00","og_image":[{"width":990,"height":658,"url":"https:\/\/www.caritasbaribitonto.it\/public\/home\/img\/uploads\/2015\/06\/molosantantonioBari.jpg","type":"image\/jpeg"}],"twitter_card":"summary_large_image","twitter_misc":{"Tempo di lettura stimato":"3 minuti"},"schema":{"@context":"https:\/\/schema.org","@graph":[{"@type":"WebPage","@id":"https:\/\/www.caritasbaribitonto.it\/public\/home\/ascolto-osservazione-formazione\/osservatorio\/materiale-per-losservazione\/","url":"https:\/\/www.caritasbaribitonto.it\/public\/home\/ascolto-osservazione-formazione\/osservatorio\/materiale-per-losservazione\/","name":"Materiale per l'osservazione - Caritas Diocesana Bari-Bitonto","isPartOf":{"@id":"https:\/\/www.caritasbaribitonto.it\/public\/home\/#website"},"datePublished":"2016-05-19T07:31:07+00:00","dateModified":"2025-10-04T10:07:53+00:00","description":"La raccolta sistematica dei dati presso i CdA consente inoltre di cogliere la trasformazione dell\u2019utenza, di adattare il servizio a tali mutamenti","breadcrumb":{"@id":"https:\/\/www.caritasbaribitonto.it\/public\/home\/ascolto-osservazione-formazione\/osservatorio\/materiale-per-losservazione\/#breadcrumb"},"inLanguage":"it-IT","potentialAction":[{"@type":"ReadAction","target":["https:\/\/www.caritasbaribitonto.it\/public\/home\/ascolto-osservazione-formazione\/osservatorio\/materiale-per-losservazione\/"]}]},{"@type":"BreadcrumbList","@id":"https:\/\/www.caritasbaribitonto.it\/public\/home\/ascolto-osservazione-formazione\/osservatorio\/materiale-per-losservazione\/#breadcrumb","itemListElement":[{"@type":"ListItem","position":1,"name":"Home","item":"https:\/\/www.caritasbaribitonto.it\/public\/home\/"},{"@type":"ListItem","position":2,"name":"Le azioni Caritas","item":"https:\/\/www.caritasbaribitonto.it\/public\/home\/ascolto-osservazione-formazione\/"},{"@type":"ListItem","position":3,"name":"L\u2019Osservatorio delle Povert\u00e0 e delle Risorse","item":"https:\/\/www.caritasbaribitonto.it\/public\/home\/ascolto-osservazione-formazione\/osservatorio\/"},{"@type":"ListItem","position":4,"name":"Materiale per l&#8217;osservazione"}]},{"@type":"WebSite","@id":"https:\/\/www.caritasbaribitonto.it\/public\/home\/#website","url":"https:\/\/www.caritasbaribitonto.it\/public\/home\/","name":"Caritas Diocesana Bari-Bitonto","description":"I santi della porta accanto","publisher":{"@id":"https:\/\/www.caritasbaribitonto.it\/public\/home\/#organization"},"potentialAction":[{"@type":"SearchAction","target":{"@type":"EntryPoint","urlTemplate":"https:\/\/www.caritasbaribitonto.it\/public\/home\/?s={search_term_string}"},"query-input":{"@type":"PropertyValueSpecification","valueRequired":true,"valueName":"search_term_string"}}],"inLanguage":"it-IT"},{"@type":"Organization","@id":"https:\/\/www.caritasbaribitonto.it\/public\/home\/#organization","name":"Caritas Diocesana Bari-Bitonto","url":"https:\/\/www.caritasbaribitonto.it\/public\/home\/","logo":{"@type":"ImageObject","inLanguage":"it-IT","@id":"https:\/\/www.caritasbaribitonto.it\/public\/home\/#\/schema\/logo\/image\/","url":"https:\/\/www.caritasbaribitonto.it\/public\/home\/img\/uploads\/2025\/02\/cropped-cropped-caritas2025_350x112.png","contentUrl":"https:\/\/www.caritasbaribitonto.it\/public\/home\/img\/uploads\/2025\/02\/cropped-cropped-caritas2025_350x112.png","width":350,"height":112,"caption":"Caritas Diocesana Bari-Bitonto"},"image":{"@id":"https:\/\/www.caritasbaribitonto.it\/public\/home\/#\/schema\/logo\/image\/"},"sameAs":["https:\/\/www.facebook.com\/pages\/Caritas-Diocesana-Bari-Bitonto\/533981476753770"]}]}},"uagb_featured_image_src":{"full":false,"thumbnail":false,"medium":false,"medium_large":false,"large":false,"1536x1536":false,"2048x2048":false},"uagb_author_info":{"display_name":"Francesco Scuccumarri","author_link":"https:\/\/www.caritasbaribitonto.it\/public\/home\/author\/francesco\/"},"uagb_comment_info":0,"uagb_excerpt":"\u201cRelazioni, rilevazioni, discernimento, ci aprono gli occhi sulle persone, ci aiutano ad ascoltare drammi e sofferenze, ad osservare dinamiche e [&hellip;]","_links":{"self":[{"href":"https:\/\/www.caritasbaribitonto.it\/public\/home\/wp-json\/wp\/v2\/pages\/4136","targetHints":{"allow":["GET"]}}],"collection":[{"href":"https:\/\/www.caritasbaribitonto.it\/public\/home\/wp-json\/wp\/v2\/pages"}],"about":[{"href":"https:\/\/www.caritasbaribitonto.it\/public\/home\/wp-json\/wp\/v2\/types\/page"}],"author":[{"embeddable":true,"href":"https:\/\/www.caritasbaribitonto.it\/public\/home\/wp-json\/wp\/v2\/users\/570"}],"replies":[{"embeddable":true,"href":"https:\/\/www.caritasbaribitonto.it\/public\/home\/wp-json\/wp\/v2\/comments?post=4136"}],"version-history":[{"count":0,"href":"https:\/\/www.caritasbaribitonto.it\/public\/home\/wp-json\/wp\/v2\/pages\/4136\/revisions"}],"up":[{"embeddable":true,"href":"https:\/\/www.caritasbaribitonto.it\/public\/home\/wp-json\/wp\/v2\/pages\/3371"}],"wp:attachment":[{"href":"https:\/\/www.caritasbaribitonto.it\/public\/home\/wp-json\/wp\/v2\/media?parent=4136"}],"curies":[{"name":"wp","href":"https:\/\/api.w.org\/{rel}","templated":true}]}}