{"id":4057,"date":"2016-05-06T16:43:21","date_gmt":"2016-05-06T14:43:21","guid":{"rendered":"http:\/\/www.caritasbaribitonto.it\/public\/home\/?page_id=4057"},"modified":"2025-10-11T11:39:47","modified_gmt":"2025-10-11T09:39:47","slug":"la-rete-del-bene","status":"publish","type":"page","link":"https:\/\/www.caritasbaribitonto.it\/public\/home\/ascolto-osservazione-formazione\/osservatorio\/la-rete-del-bene\/","title":{"rendered":"La rete del Bene"},"content":{"rendered":"\n<h2 class=\"wp-block-heading\">OSPO RISORSE<\/h2>\n\n\n\n<p>La rete del Bene \u00e8 un elenco dei servizi caritativi erogati dai centri di ascolto e dalle Caritas della Diocesi di Bari Bitonto.<\/p>\n\n\n<!-- Bootstrap core CSS -->\r\n<!--<link href=\"http:\/\/caritasbaribitonto.it\/public\/servizicaritas\/bootstrap\/css\/bootstrap.min.css\" rel=\"stylesheet\">-->\r\n\r\n<script\r\n  src=\"https:\/\/code.jquery.com\/jquery-1.12.4.min.js\"\r\n  integrity=\"sha256-ZosEbRLbNQzLpnKIkEdrPv7lOy9C27hHQ+Xp8a4MxAQ=\"\r\n  crossorigin=\"anonymous\"><\/script>\r\n\r\n<script src=\"https:\/\/code.jquery.com\/ui\/1.12.1\/jquery-ui.min.js\"\r\n  integrity=\"sha256-VazP97ZCwtekAsvgPBSUwPFKdrwD3unUfSGVYrahUqU=\"\r\n  crossorigin=\"anonymous\"><\/script>\r\n\r\n<link rel=\"stylesheet\" type=\"text\/css\" href=\"https:\/\/cdn.datatables.net\/1.10.23\/css\/jquery.dataTables.css\">\r\n<script type=\"text\/javascript\" charset=\"utf8\" src=\"https:\/\/cdn.datatables.net\/1.10.23\/js\/jquery.dataTables.js\"><\/script>\r\n<!--<link rel=\"stylesheet\" type=\"text\/css\" href=\"https:\/\/cdn.datatables.net\/1.10.23\/css\/jquery.dataTables.css\">\r\n<script type=\"text\/javascript\" charset=\"utf8\" src=\"https:\/\/cdn.datatables.net\/1.10.23\/js\/jquery.dataTables.js\"><\/script>-->\r\n\r\n\r\n<!--<link href=\"http:\/\/ajax.googleapis.com\/ajax\/libs\/jqueryui\/1.9.2\/themes\/ui-darkness\/jquery-ui.css\" rel=\"stylesheet\">-->\r\n\r\n\r\n\r\n<!--<script type=\"text\/javascript\" src=\"http:\/\/maps.google.com\/maps\/api\/js?sensor=false\"><\/script>-->\r\n<link rel=\"stylesheet\" href=\"https:\/\/use.fontawesome.com\/releases\/v5.6.3\/css\/all.css\" integrity=\"sha384-UHRtZLI+pbxtHCWp1t77Bi1L4ZtiqrqD80Kn4Z8NTSRyMA2Fd33n5dQ8lWUE00s\/\" crossorigin=\"anonymous\">\r\n<p>Elenco dei servizi caritativi erogati dai centri di ascolto e dalle Caritas della Diocesi di Bari Bitonto.\r\n\tCon un semplice click \u00e8 possibile trovare le strutture pi\u00f9 idonee per aiutare i nostri fratelli in difficolt\u00e0.<\/p>\r\n<div>\r\n<ul style = \"float: right; margin-right:20px;\">\r\n\t<li style=\"display: inline; list-style: none;\" >\r\n\t\t<a style = 'background-color: #efd80b; color: white; padding: 10px 8px 10px 8px; display: inline; margin-right: 15px;' \r\n\t\t   href='?mypage=area'>MACROAREE<\/a>\r\n\t<\/li>\r\n\t<li  style=\"display: inline; list-style: none;\">\r\n\t\t<a style = 'background-color: #efd80b; color: white; padding: 10px 8px 10px 8px; display: inline; margin-right: 5x;' \r\n\t\t   href='?mypage=strutture'>STRUTTURE<\/a>\r\n\t<\/li>\r\n<\/ul>\r\n<\/div>\r\n<div style ='float: left;'><h3>Aree intervento<\/h3><\/div><div class=\"table-responsive\">\r\n<table class=\"table table-bordered table-hover\">\r\n\t<thead>\r\n\t   <tr style='background-color: #337ab7; color: white'>\r\n\t\t\t<th>Nome<\/th>\r\n\t\t \t\t\t\t<th style='width:30px'>Dettaglio<\/th>\r\n\t   <\/tr>\r\n\t<\/thead>\r\n\t<tbody>\r\n\t\t\t\t\t\t   <tr>\r\n\t\t\t\t\t  \t\t\t\t\t\t\t<form>\r\n\t\t\t\t\t\t\t<input type='hidden' value='3' name='idarea'\/>\r\n\t\t\t\t\t\t\t\t\t\t\t\t\t\t<td>ALL - ALLOGGIO<\/td>\t\t\t\t\t\t\t<td title='CATEGORIE'>\r\n\t\t\t\t\t\t\t\t<a href = '?mypage=categoria&idarea=3&idcategoria=3'\r\n\t\t\t\t\t\t\t\t   class='fas fa-arrow-right fa-2x' \r\n\t\t\t\t\t\t\t\t   style = 'text-decoration:none; color:#71bc9e; vertical-align:middle; margin-left:30%; '>\r\n\t\t\t\t\t\t\t\t<\/a>\r\n\t\t\t\t\t\t\t<\/td>\r\n\t\t\t\t\t\t<\/form>\r\n\t\t\t\t   <\/tr>\r\n\t\t\t\t\t\t   <tr>\r\n\t\t\t\t\t  \t\t\t\t\t\t\t<form>\r\n\t\t\t\t\t\t\t<input type='hidden' value='4' name='idarea'\/>\r\n\t\t\t\t\t\t\t\t\t\t\t\t\t\t<td>ASC - ASCOLTO<\/td>\t\t\t\t\t\t\t<td title='CATEGORIE'>\r\n\t\t\t\t\t\t\t\t<a href = '?mypage=categoria&idarea=4&idcategoria=4'\r\n\t\t\t\t\t\t\t\t   class='fas fa-arrow-right fa-2x' \r\n\t\t\t\t\t\t\t\t   style = 'text-decoration:none; color:#71bc9e; vertical-align:middle; margin-left:30%; '>\r\n\t\t\t\t\t\t\t\t<\/a>\r\n\t\t\t\t\t\t\t<\/td>\r\n\t\t\t\t\t\t<\/form>\r\n\t\t\t\t   <\/tr>\r\n\t\t\t\t\t\t   <tr>\r\n\t\t\t\t\t  \t\t\t\t\t\t\t<form>\r\n\t\t\t\t\t\t\t<input type='hidden' value='5' name='idarea'\/>\r\n\t\t\t\t\t\t\t\t\t\t\t\t\t\t<td>BEN - BENI E SERVIZI MATERIALI<\/td>\t\t\t\t\t\t\t<td title='CATEGORIE'>\r\n\t\t\t\t\t\t\t\t<a href = '?mypage=categoria&idarea=5&idcategoria=5'\r\n\t\t\t\t\t\t\t\t   class='fas fa-arrow-right fa-2x' \r\n\t\t\t\t\t\t\t\t   style = 'text-decoration:none; color:#71bc9e; vertical-align:middle; margin-left:30%; '>\r\n\t\t\t\t\t\t\t\t<\/a>\r\n\t\t\t\t\t\t\t<\/td>\r\n\t\t\t\t\t\t<\/form>\r\n\t\t\t\t   <\/tr>\r\n\t\t\t\t\t\t   <tr>\r\n\t\t\t\t\t  \t\t\t\t\t\t\t<form>\r\n\t\t\t\t\t\t\t<input type='hidden' value='6' name='idarea'\/>\r\n\t\t\t\t\t\t\t\t\t\t\t\t\t\t<td>CON - CONSULENZE PROFESSIONALI<\/td>\t\t\t\t\t\t\t<td title='CATEGORIE'>\r\n\t\t\t\t\t\t\t\t<a href = '?mypage=categoria&idarea=6&idcategoria=6'\r\n\t\t\t\t\t\t\t\t   class='fas fa-arrow-right fa-2x' \r\n\t\t\t\t\t\t\t\t   style = 'text-decoration:none; color:#71bc9e; vertical-align:middle; margin-left:30%; '>\r\n\t\t\t\t\t\t\t\t<\/a>\r\n\t\t\t\t\t\t\t<\/td>\r\n\t\t\t\t\t\t<\/form>\r\n\t\t\t\t   <\/tr>\r\n\t\t\t\t\t\t   <tr>\r\n\t\t\t\t\t  \t\t\t\t\t\t\t<form>\r\n\t\t\t\t\t\t\t<input type='hidden' value='7' name='idarea'\/>\r\n\t\t\t\t\t\t\t\t\t\t\t\t\t\t<td>LAV - LAVORO<\/td>\t\t\t\t\t\t\t<td title='CATEGORIE'>\r\n\t\t\t\t\t\t\t\t<a href = '?mypage=categoria&idarea=7&idcategoria=7'\r\n\t\t\t\t\t\t\t\t   class='fas fa-arrow-right fa-2x' \r\n\t\t\t\t\t\t\t\t   style = 'text-decoration:none; color:#71bc9e; vertical-align:middle; margin-left:30%; '>\r\n\t\t\t\t\t\t\t\t<\/a>\r\n\t\t\t\t\t\t\t<\/td>\r\n\t\t\t\t\t\t<\/form>\r\n\t\t\t\t   <\/tr>\r\n\t\t\t\t\t\t   <tr>\r\n\t\t\t\t\t  \t\t\t\t\t\t\t<form>\r\n\t\t\t\t\t\t\t<input type='hidden' value='8' name='idarea'\/>\r\n\t\t\t\t\t\t\t\t\t\t\t\t\t\t<td>ORI - ORIENTAMENTO<\/td>\t\t\t\t\t\t\t<td title='CATEGORIE'>\r\n\t\t\t\t\t\t\t\t<a href = '?mypage=categoria&idarea=8&idcategoria=8'\r\n\t\t\t\t\t\t\t\t   class='fas fa-arrow-right fa-2x' \r\n\t\t\t\t\t\t\t\t   style = 'text-decoration:none; color:#71bc9e; vertical-align:middle; margin-left:30%; '>\r\n\t\t\t\t\t\t\t\t<\/a>\r\n\t\t\t\t\t\t\t<\/td>\r\n\t\t\t\t\t\t<\/form>\r\n\t\t\t\t   <\/tr>\r\n\t\t\t\t\t\t   <tr>\r\n\t\t\t\t\t  \t\t\t\t\t\t\t<form>\r\n\t\t\t\t\t\t\t<input type='hidden' value='9' name='idarea'\/>\r\n\t\t\t\t\t\t\t\t\t\t\t\t\t\t<td>SAN - SANITA'<\/td>\t\t\t\t\t\t\t<td title='CATEGORIE'>\r\n\t\t\t\t\t\t\t\t<a href = '?mypage=categoria&idarea=9&idcategoria=9'\r\n\t\t\t\t\t\t\t\t   class='fas fa-arrow-right fa-2x' \r\n\t\t\t\t\t\t\t\t   style = 'text-decoration:none; color:#71bc9e; vertical-align:middle; margin-left:30%; '>\r\n\t\t\t\t\t\t\t\t<\/a>\r\n\t\t\t\t\t\t\t<\/td>\r\n\t\t\t\t\t\t<\/form>\r\n\t\t\t\t   <\/tr>\r\n\t\t\t\t\t\t   <tr>\r\n\t\t\t\t\t  \t\t\t\t\t\t\t<form>\r\n\t\t\t\t\t\t\t<input type='hidden' value='10' name='idarea'\/>\r\n\t\t\t\t\t\t\t\t\t\t\t\t\t\t<td>SCU - SCUOLA \/ ISTRUZIONE<\/td>\t\t\t\t\t\t\t<td title='CATEGORIE'>\r\n\t\t\t\t\t\t\t\t<a href = '?mypage=categoria&idarea=10&idcategoria=10'\r\n\t\t\t\t\t\t\t\t   class='fas fa-arrow-right fa-2x' \r\n\t\t\t\t\t\t\t\t   style = 'text-decoration:none; color:#71bc9e; vertical-align:middle; margin-left:30%; '>\r\n\t\t\t\t\t\t\t\t<\/a>\r\n\t\t\t\t\t\t\t<\/td>\r\n\t\t\t\t\t\t<\/form>\r\n\t\t\t\t   <\/tr>\r\n\t\t\t\t\t\t   <tr>\r\n\t\t\t\t\t  \t\t\t\t\t\t\t<form>\r\n\t\t\t\t\t\t\t<input type='hidden' value='17' name='idarea'\/>\r\n\t\t\t\t\t\t\t\t\t\t\t\t\t\t<td>SOS - SOSTEGNO SOCIO ASSISTENZIALE<\/td>\t\t\t\t\t\t\t<td title='CATEGORIE'>\r\n\t\t\t\t\t\t\t\t<a href = '?mypage=categoria&idarea=17&idcategoria=17'\r\n\t\t\t\t\t\t\t\t   class='fas fa-arrow-right fa-2x' \r\n\t\t\t\t\t\t\t\t   style = 'text-decoration:none; color:#71bc9e; vertical-align:middle; margin-left:30%; '>\r\n\t\t\t\t\t\t\t\t<\/a>\r\n\t\t\t\t\t\t\t<\/td>\r\n\t\t\t\t\t\t<\/form>\r\n\t\t\t\t   <\/tr>\r\n\t\t\t\t\t\t   <tr>\r\n\t\t\t\t\t  \t\t\t\t\t\t\t<form>\r\n\t\t\t\t\t\t\t<input type='hidden' value='16' name='idarea'\/>\r\n\t\t\t\t\t\t\t\t\t\t\t\t\t\t<td>SUS - SUSSIDI ECONOMICI<\/td>\t\t\t\t\t\t\t<td title='CATEGORIE'>\r\n\t\t\t\t\t\t\t\t<a href = '?mypage=categoria&idarea=16&idcategoria=16'\r\n\t\t\t\t\t\t\t\t   class='fas fa-arrow-right fa-2x' \r\n\t\t\t\t\t\t\t\t   style = 'text-decoration:none; color:#71bc9e; vertical-align:middle; margin-left:30%; '>\r\n\t\t\t\t\t\t\t\t<\/a>\r\n\t\t\t\t\t\t\t<\/td>\r\n\t\t\t\t\t\t<\/form>\r\n\t\t\t\t   <\/tr>\r\n\t\t\t<\/tbody>\r\n<\/table>\r\n\r\n\n\n\n\n<p><\/p>\n","protected":false},"excerpt":{"rendered":"<p>OSPO RISORSE La rete del Bene \u00e8 un elenco dei servizi caritativi erogati dai centri di ascolto e dalle Caritas [&hellip;]<\/p>\n","protected":false},"author":570,"featured_media":0,"parent":3371,"menu_order":0,"comment_status":"closed","ping_status":"closed","template":"","meta":{"_uag_custom_page_level_css":"","site-sidebar-layout":"default","site-content-layout":"","ast-site-content-layout":"default","site-content-style":"default","site-sidebar-style":"default","ast-global-header-display":"","ast-banner-title-visibility":"","ast-main-header-display":"","ast-hfb-above-header-display":"","ast-hfb-below-header-display":"","ast-hfb-mobile-header-display":"","site-post-title":"","ast-breadcrumbs-content":"","ast-featured-img":"","footer-sml-layout":"","theme-transparent-header-meta":"","adv-header-id-meta":"","stick-header-meta":"","header-above-stick-meta":"","header-main-stick-meta":"","header-below-stick-meta":"","astra-migrate-meta-layouts":"default","ast-page-background-enabled":"default","ast-page-background-meta":{"desktop":{"background-color":"var(--ast-global-color-5)","background-image":"","background-repeat":"repeat","background-position":"center center","background-size":"auto","background-attachment":"scroll","background-type":"","background-media":"","overlay-type":"","overlay-color":"","overlay-opacity":"","overlay-gradient":""},"tablet":{"background-color":"","background-image":"","background-repeat":"repeat","background-position":"center center","background-size":"auto","background-attachment":"scroll","background-type":"","background-media":"","overlay-type":"","overlay-color":"","overlay-opacity":"","overlay-gradient":""},"mobile":{"background-color":"","background-image":"","background-repeat":"repeat","background-position":"center center","background-size":"auto","background-attachment":"scroll","background-type":"","background-media":"","overlay-type":"","overlay-color":"","overlay-opacity":"","overlay-gradient":""}},"ast-content-background-meta":{"desktop":{"background-color":"var(--ast-global-color-4)","background-image":"","background-repeat":"repeat","background-position":"center center","background-size":"auto","background-attachment":"scroll","background-type":"","background-media":"","overlay-type":"","overlay-color":"","overlay-opacity":"","overlay-gradient":""},"tablet":{"background-color":"var(--ast-global-color-4)","background-image":"","background-repeat":"repeat","background-position":"center center","background-size":"auto","background-attachment":"scroll","background-type":"","background-media":"","overlay-type":"","overlay-color":"","overlay-opacity":"","overlay-gradient":""},"mobile":{"background-color":"var(--ast-global-color-4)","background-image":"","background-repeat":"repeat","background-position":"center center","background-size":"auto","background-attachment":"scroll","background-type":"","background-media":"","overlay-type":"","overlay-color":"","overlay-opacity":"","overlay-gradient":""}},"footnotes":""},"class_list":["post-4057","page","type-page","status-publish","hentry"],"yoast_head":"<!-- This site is optimized with the Yoast SEO plugin v26.8 - https:\/\/yoast.com\/product\/yoast-seo-wordpress\/ -->\r\n<title>La rete del Bene - Caritas Diocesana Bari-Bitonto<\/title>\r\n<meta name=\"description\" content=\"La rete del Bene \u00e8 un elenco dei servizi caritativi erogati dai centri di ascolto e dalle Caritas della Diocesi di Bari Bitonto.\" \/>\r\n<meta name=\"robots\" content=\"index, follow, max-snippet:-1, max-image-preview:large, max-video-preview:-1\" \/>\r\n<link rel=\"canonical\" href=\"https:\/\/www.caritasbaribitonto.it\/public\/home\/ascolto-osservazione-formazione\/osservatorio\/la-rete-del-bene\/\" \/>\r\n<meta property=\"og:locale\" content=\"it_IT\" \/>\r\n<meta property=\"og:type\" content=\"article\" \/>\r\n<meta property=\"og:title\" content=\"La rete del Bene - Caritas Diocesana Bari-Bitonto\" \/>\r\n<meta property=\"og:description\" content=\"La rete del Bene \u00e8 un elenco dei servizi caritativi erogati dai centri di ascolto e dalle Caritas della Diocesi di Bari Bitonto.\" \/>\r\n<meta property=\"og:url\" content=\"https:\/\/www.caritasbaribitonto.it\/public\/home\/ascolto-osservazione-formazione\/osservatorio\/la-rete-del-bene\/\" \/>\r\n<meta property=\"og:site_name\" content=\"Caritas Diocesana Bari-Bitonto\" \/>\r\n<meta property=\"article:publisher\" content=\"https:\/\/www.facebook.com\/pages\/Caritas-Diocesana-Bari-Bitonto\/533981476753770\" \/>\r\n<meta property=\"article:modified_time\" content=\"2025-10-11T09:39:47+00:00\" \/>\r\n<meta property=\"og:image\" content=\"https:\/\/www.caritasbaribitonto.it\/public\/home\/img\/uploads\/2015\/06\/molosantantonioBari.jpg\" \/>\r\n\t<meta property=\"og:image:width\" content=\"990\" \/>\r\n\t<meta property=\"og:image:height\" content=\"658\" \/>\r\n\t<meta property=\"og:image:type\" content=\"image\/jpeg\" \/>\r\n<meta name=\"twitter:card\" content=\"summary_large_image\" \/>\r\n<meta name=\"twitter:label1\" content=\"Tempo di lettura stimato\" \/>\n\t<meta name=\"twitter:data1\" content=\"1 minuto\" \/>\r\n<script type=\"application\/ld+json\" class=\"yoast-schema-graph\">{\"@context\":\"https:\/\/schema.org\",\"@graph\":[{\"@type\":\"WebPage\",\"@id\":\"https:\/\/www.caritasbaribitonto.it\/public\/home\/ascolto-osservazione-formazione\/osservatorio\/la-rete-del-bene\/\",\"url\":\"https:\/\/www.caritasbaribitonto.it\/public\/home\/ascolto-osservazione-formazione\/osservatorio\/la-rete-del-bene\/\",\"name\":\"La rete del Bene - Caritas Diocesana Bari-Bitonto\",\"isPartOf\":{\"@id\":\"https:\/\/www.caritasbaribitonto.it\/public\/home\/#website\"},\"datePublished\":\"2016-05-06T14:43:21+00:00\",\"dateModified\":\"2025-10-11T09:39:47+00:00\",\"description\":\"La rete del Bene \u00e8 un elenco dei servizi caritativi erogati dai centri di ascolto e dalle Caritas della Diocesi di Bari Bitonto.\",\"breadcrumb\":{\"@id\":\"https:\/\/www.caritasbaribitonto.it\/public\/home\/ascolto-osservazione-formazione\/osservatorio\/la-rete-del-bene\/#breadcrumb\"},\"inLanguage\":\"it-IT\",\"potentialAction\":[{\"@type\":\"ReadAction\",\"target\":[\"https:\/\/www.caritasbaribitonto.it\/public\/home\/ascolto-osservazione-formazione\/osservatorio\/la-rete-del-bene\/\"]}]},{\"@type\":\"BreadcrumbList\",\"@id\":\"https:\/\/www.caritasbaribitonto.it\/public\/home\/ascolto-osservazione-formazione\/osservatorio\/la-rete-del-bene\/#breadcrumb\",\"itemListElement\":[{\"@type\":\"ListItem\",\"position\":1,\"name\":\"Home\",\"item\":\"https:\/\/www.caritasbaribitonto.it\/public\/home\/\"},{\"@type\":\"ListItem\",\"position\":2,\"name\":\"Le azioni Caritas\",\"item\":\"https:\/\/www.caritasbaribitonto.it\/public\/home\/ascolto-osservazione-formazione\/\"},{\"@type\":\"ListItem\",\"position\":3,\"name\":\"L\u2019Osservatorio delle Povert\u00e0 e delle Risorse\",\"item\":\"https:\/\/www.caritasbaribitonto.it\/public\/home\/ascolto-osservazione-formazione\/osservatorio\/\"},{\"@type\":\"ListItem\",\"position\":4,\"name\":\"La rete del Bene\"}]},{\"@type\":\"WebSite\",\"@id\":\"https:\/\/www.caritasbaribitonto.it\/public\/home\/#website\",\"url\":\"https:\/\/www.caritasbaribitonto.it\/public\/home\/\",\"name\":\"Caritas Diocesana Bari-Bitonto\",\"description\":\"I santi della porta accanto\",\"publisher\":{\"@id\":\"https:\/\/www.caritasbaribitonto.it\/public\/home\/#organization\"},\"potentialAction\":[{\"@type\":\"SearchAction\",\"target\":{\"@type\":\"EntryPoint\",\"urlTemplate\":\"https:\/\/www.caritasbaribitonto.it\/public\/home\/?s={search_term_string}\"},\"query-input\":{\"@type\":\"PropertyValueSpecification\",\"valueRequired\":true,\"valueName\":\"search_term_string\"}}],\"inLanguage\":\"it-IT\"},{\"@type\":\"Organization\",\"@id\":\"https:\/\/www.caritasbaribitonto.it\/public\/home\/#organization\",\"name\":\"Caritas Diocesana Bari-Bitonto\",\"url\":\"https:\/\/www.caritasbaribitonto.it\/public\/home\/\",\"logo\":{\"@type\":\"ImageObject\",\"inLanguage\":\"it-IT\",\"@id\":\"https:\/\/www.caritasbaribitonto.it\/public\/home\/#\/schema\/logo\/image\/\",\"url\":\"https:\/\/www.caritasbaribitonto.it\/public\/home\/img\/uploads\/2025\/02\/cropped-cropped-caritas2025_350x112.png\",\"contentUrl\":\"https:\/\/www.caritasbaribitonto.it\/public\/home\/img\/uploads\/2025\/02\/cropped-cropped-caritas2025_350x112.png\",\"width\":350,\"height\":112,\"caption\":\"Caritas Diocesana Bari-Bitonto\"},\"image\":{\"@id\":\"https:\/\/www.caritasbaribitonto.it\/public\/home\/#\/schema\/logo\/image\/\"},\"sameAs\":[\"https:\/\/www.facebook.com\/pages\/Caritas-Diocesana-Bari-Bitonto\/533981476753770\"]}]}<\/script>\r\n<!-- \/ Yoast SEO plugin. -->","yoast_head_json":{"title":"La rete del Bene - Caritas Diocesana Bari-Bitonto","description":"La rete del Bene \u00e8 un elenco dei servizi caritativi erogati dai centri di ascolto e dalle Caritas della Diocesi di Bari Bitonto.","robots":{"index":"index","follow":"follow","max-snippet":"max-snippet:-1","max-image-preview":"max-image-preview:large","max-video-preview":"max-video-preview:-1"},"canonical":"https:\/\/www.caritasbaribitonto.it\/public\/home\/ascolto-osservazione-formazione\/osservatorio\/la-rete-del-bene\/","og_locale":"it_IT","og_type":"article","og_title":"La rete del Bene - Caritas Diocesana Bari-Bitonto","og_description":"La rete del Bene \u00e8 un elenco dei servizi caritativi erogati dai centri di ascolto e dalle Caritas della Diocesi di Bari Bitonto.","og_url":"https:\/\/www.caritasbaribitonto.it\/public\/home\/ascolto-osservazione-formazione\/osservatorio\/la-rete-del-bene\/","og_site_name":"Caritas Diocesana Bari-Bitonto","article_publisher":"https:\/\/www.facebook.com\/pages\/Caritas-Diocesana-Bari-Bitonto\/533981476753770","article_modified_time":"2025-10-11T09:39:47+00:00","og_image":[{"width":990,"height":658,"url":"https:\/\/www.caritasbaribitonto.it\/public\/home\/img\/uploads\/2015\/06\/molosantantonioBari.jpg","type":"image\/jpeg"}],"twitter_card":"summary_large_image","twitter_misc":{"Tempo di lettura stimato":"1 minuto"},"schema":{"@context":"https:\/\/schema.org","@graph":[{"@type":"WebPage","@id":"https:\/\/www.caritasbaribitonto.it\/public\/home\/ascolto-osservazione-formazione\/osservatorio\/la-rete-del-bene\/","url":"https:\/\/www.caritasbaribitonto.it\/public\/home\/ascolto-osservazione-formazione\/osservatorio\/la-rete-del-bene\/","name":"La rete del Bene - Caritas Diocesana Bari-Bitonto","isPartOf":{"@id":"https:\/\/www.caritasbaribitonto.it\/public\/home\/#website"},"datePublished":"2016-05-06T14:43:21+00:00","dateModified":"2025-10-11T09:39:47+00:00","description":"La rete del Bene \u00e8 un elenco dei servizi caritativi erogati dai centri di ascolto e dalle Caritas della Diocesi di Bari Bitonto.","breadcrumb":{"@id":"https:\/\/www.caritasbaribitonto.it\/public\/home\/ascolto-osservazione-formazione\/osservatorio\/la-rete-del-bene\/#breadcrumb"},"inLanguage":"it-IT","potentialAction":[{"@type":"ReadAction","target":["https:\/\/www.caritasbaribitonto.it\/public\/home\/ascolto-osservazione-formazione\/osservatorio\/la-rete-del-bene\/"]}]},{"@type":"BreadcrumbList","@id":"https:\/\/www.caritasbaribitonto.it\/public\/home\/ascolto-osservazione-formazione\/osservatorio\/la-rete-del-bene\/#breadcrumb","itemListElement":[{"@type":"ListItem","position":1,"name":"Home","item":"https:\/\/www.caritasbaribitonto.it\/public\/home\/"},{"@type":"ListItem","position":2,"name":"Le azioni Caritas","item":"https:\/\/www.caritasbaribitonto.it\/public\/home\/ascolto-osservazione-formazione\/"},{"@type":"ListItem","position":3,"name":"L\u2019Osservatorio delle Povert\u00e0 e delle Risorse","item":"https:\/\/www.caritasbaribitonto.it\/public\/home\/ascolto-osservazione-formazione\/osservatorio\/"},{"@type":"ListItem","position":4,"name":"La rete del Bene"}]},{"@type":"WebSite","@id":"https:\/\/www.caritasbaribitonto.it\/public\/home\/#website","url":"https:\/\/www.caritasbaribitonto.it\/public\/home\/","name":"Caritas Diocesana Bari-Bitonto","description":"I santi della porta accanto","publisher":{"@id":"https:\/\/www.caritasbaribitonto.it\/public\/home\/#organization"},"potentialAction":[{"@type":"SearchAction","target":{"@type":"EntryPoint","urlTemplate":"https:\/\/www.caritasbaribitonto.it\/public\/home\/?s={search_term_string}"},"query-input":{"@type":"PropertyValueSpecification","valueRequired":true,"valueName":"search_term_string"}}],"inLanguage":"it-IT"},{"@type":"Organization","@id":"https:\/\/www.caritasbaribitonto.it\/public\/home\/#organization","name":"Caritas Diocesana Bari-Bitonto","url":"https:\/\/www.caritasbaribitonto.it\/public\/home\/","logo":{"@type":"ImageObject","inLanguage":"it-IT","@id":"https:\/\/www.caritasbaribitonto.it\/public\/home\/#\/schema\/logo\/image\/","url":"https:\/\/www.caritasbaribitonto.it\/public\/home\/img\/uploads\/2025\/02\/cropped-cropped-caritas2025_350x112.png","contentUrl":"https:\/\/www.caritasbaribitonto.it\/public\/home\/img\/uploads\/2025\/02\/cropped-cropped-caritas2025_350x112.png","width":350,"height":112,"caption":"Caritas Diocesana Bari-Bitonto"},"image":{"@id":"https:\/\/www.caritasbaribitonto.it\/public\/home\/#\/schema\/logo\/image\/"},"sameAs":["https:\/\/www.facebook.com\/pages\/Caritas-Diocesana-Bari-Bitonto\/533981476753770"]}]}},"uagb_featured_image_src":{"full":false,"thumbnail":false,"medium":false,"medium_large":false,"large":false,"1536x1536":false,"2048x2048":false},"uagb_author_info":{"display_name":"Francesco Scuccumarri","author_link":"https:\/\/www.caritasbaribitonto.it\/public\/home\/author\/francesco\/"},"uagb_comment_info":0,"uagb_excerpt":"OSPO RISORSE La rete del Bene \u00e8 un elenco dei servizi caritativi erogati dai centri di ascolto e dalle Caritas [&hellip;]","_links":{"self":[{"href":"https:\/\/www.caritasbaribitonto.it\/public\/home\/wp-json\/wp\/v2\/pages\/4057","targetHints":{"allow":["GET"]}}],"collection":[{"href":"https:\/\/www.caritasbaribitonto.it\/public\/home\/wp-json\/wp\/v2\/pages"}],"about":[{"href":"https:\/\/www.caritasbaribitonto.it\/public\/home\/wp-json\/wp\/v2\/types\/page"}],"author":[{"embeddable":true,"href":"https:\/\/www.caritasbaribitonto.it\/public\/home\/wp-json\/wp\/v2\/users\/570"}],"replies":[{"embeddable":true,"href":"https:\/\/www.caritasbaribitonto.it\/public\/home\/wp-json\/wp\/v2\/comments?post=4057"}],"version-history":[{"count":0,"href":"https:\/\/www.caritasbaribitonto.it\/public\/home\/wp-json\/wp\/v2\/pages\/4057\/revisions"}],"up":[{"embeddable":true,"href":"https:\/\/www.caritasbaribitonto.it\/public\/home\/wp-json\/wp\/v2\/pages\/3371"}],"wp:attachment":[{"href":"https:\/\/www.caritasbaribitonto.it\/public\/home\/wp-json\/wp\/v2\/media?parent=4057"}],"curies":[{"name":"wp","href":"https:\/\/api.w.org\/{rel}","templated":true}]}}