{"id":3374,"date":"2015-05-22T19:34:55","date_gmt":"2015-05-22T17:34:55","guid":{"rendered":"http:\/\/giovannicaputo.netsons.org\/Test\/?page_id=363"},"modified":"2025-10-30T12:27:29","modified_gmt":"2025-10-30T11:27:29","slug":"centro-ascolto","status":"publish","type":"page","link":"https:\/\/www.caritasbaribitonto.it\/public\/home\/ascolto-osservazione-formazione\/centro-ascolto\/","title":{"rendered":"Centro d&#8217;Ascolto"},"content":{"rendered":"\n<div class=\"wp-block-uagb-container uagb-block-e2he7fzq alignfull uagb-is-root-container\"><div class=\"uagb-container-inner-blocks-wrap\">\n<div class=\"wp-block-uagb-info-box uagb-block-hzj3zsbw uagb-infobox__content-wrap  uagb-infobox-icon-above-title uagb-infobox-image-valign-top\"><div class=\"uagb-ifb-content\"><div class=\"uagb-ifb-title-wrap\"><h1 class=\"uagb-ifb-title\">CENTRO D&#8217;ASCOLTO<\/h1><\/div><\/div><\/div>\n<\/div><\/div>\n\n\n\n<div class=\"wp-block-uagb-container uagb-block-b006801d alignfull uagb-is-root-container\"><div class=\"uagb-container-inner-blocks-wrap\">\n<p>Il Centro d\u2019Ascolto diocesano accoglie e prende in carico quanti bussano alle sue porte.<br>Offre altres\u00ec opportunit\u00e0 di coordinamento, occasioni di formazione e supporti operativi ai Centri di ascolto Parrocchiali.<br>Lo stile del Centro d\u2019Ascolto \u00e8 la \u201ccondivisione a partire dall\u2019ascolto\u201d.<\/p>\n<\/div><\/div>\n\n\n\n<div class=\"wp-block-uagb-container uagb-block-8u1szfzq alignfull uagb-is-root-container\"><div class=\"uagb-container-inner-blocks-wrap\">\n<div class=\"wp-block-uagb-container uagb-block-zeiglrci\">\n<div class=\"wp-block-uagb-info-box uagb-block-ligrg4s9 uagb-infobox__content-wrap  uagb-infobox-icon-above-title uagb-infobox-image-valign-top\"><div class=\"uagb-ifb-content\"><div class=\"uagb-ifb-title-wrap\"><p class=\"uagb-ifb-title-prefix\"><strong>viale Ennio, 2 &#8211; Bari<\/strong><\/p><h2 class=\"uagb-ifb-title\">Centro d&#8217;Ascolto Diocesano<\/h2><\/div><p class=\"uagb-ifb-desc\">Coordinatrice: suor Paola Palmieri<\/p><\/div><\/div>\n\n\n\n<p><strong>Tel: 3775919791<\/strong><\/p>\n\n\n\n<p class=\"has-medium-font-size\"><strong>Giorni e orari di ascolto<\/strong><br>Marted\u00ec 10:00-12:00<br>Mercoled\u00ec 17:00-19:00<br>Gioved\u00ec 10:00-12:00<\/p>\n<\/div>\n\n\n\n<div class=\"wp-block-uagb-image alignleft uagb-block-1rerkufq wp-block-uagb-image--layout-default wp-block-uagb-image--effect-static wp-block-uagb-image--align-left\"><figure class=\"wp-block-uagb-image__figure\"><img decoding=\"async\" srcset=\"https:\/\/www.caritasbaribitonto.it\/public\/home\/img\/uploads\/2025\/03\/Pozzi-di-.-2-1024x577.png ,https:\/\/www.caritasbaribitonto.it\/public\/home\/img\/uploads\/2025\/03\/Pozzi-di-.-2.png 780w, https:\/\/www.caritasbaribitonto.it\/public\/home\/img\/uploads\/2025\/03\/Pozzi-di-.-2.png 360w\" sizes=\"auto, (max-width: 480px) 150px\" src=\"https:\/\/www.caritasbaribitonto.it\/public\/home\/img\/uploads\/2025\/03\/Pozzi-di-.-2-1024x577.png\" alt=\"\" class=\"uag-image-7376\" width=\"400\" height=\"500\" title=\"Pozzi di ..... (2)\" loading=\"lazy\" role=\"img\"\/><\/figure><\/div>\n<\/div><\/div>\n\n\n\n<div class=\"wp-block-uagb-container uagb-block-o3niegsu alignfull uagb-is-root-container\"><div class=\"uagb-container-inner-blocks-wrap\">\n<div class=\"wp-block-uagb-info-box uagb-block-jmzw9k9c uagb-infobox__content-wrap  uagb-infobox-icon-above-title uagb-infobox-image-valign-top\"><div class=\"uagb-ifb-content\"><div class=\"uagb-ifb-title-wrap\"><p class=\"uagb-ifb-title-prefix\">LA COMUNIT\u00e0 DIOCESANA IN ASCOLTO<\/p><h2 class=\"uagb-ifb-title\">Centri d&#8217;ascolto Parrocchiali<\/h2><\/div><\/div><\/div>\n\n\n<div id=\"wpgmza_map\" class=\"wpgmza_map\" data-settings=\"{&quot;id&quot;:&quot;1&quot;,&quot;map_title&quot;:&quot;Centri d'ascolto parrocchiali&quot;,&quot;map_width&quot;:&quot;100&quot;,&quot;map_height&quot;:&quot;400&quot;,&quot;map_start_lat&quot;:&quot;41.02765031957915&quot;,&quot;map_start_lng&quot;:&quot;16.87430761651957&quot;,&quot;map_start_location&quot;:&quot;45.950464398418106,-109.81550500000003&quot;,&quot;map_start_zoom&quot;:&quot;11&quot;,&quot;default_marker&quot;:&quot;&quot;,&quot;type&quot;:&quot;0&quot;,&quot;alignment&quot;:&quot;4&quot;,&quot;directions_enabled&quot;:&quot;0&quot;,&quot;styling_enabled&quot;:&quot;0&quot;,&quot;styling_json&quot;:&quot;&quot;,&quot;active&quot;:&quot;0&quot;,&quot;kml&quot;:&quot;&quot;,&quot;bicycle&quot;:&quot;0&quot;,&quot;traffic&quot;:&quot;0&quot;,&quot;dbox&quot;:&quot;0&quot;,&quot;dbox_width&quot;:&quot;&quot;,&quot;listmarkers&quot;:&quot;1&quot;,&quot;listmarkers_advanced&quot;:&quot;1&quot;,&quot;filterbycat&quot;:&quot;0&quot;,&quot;ugm_enabled&quot;:&quot;0&quot;,&quot;ugm_category_enabled&quot;:&quot;0&quot;,&quot;fusion&quot;:&quot;&quot;,&quot;map_width_type&quot;:&quot;%&quot;,&quot;map_height_type&quot;:&quot;px&quot;,&quot;mass_marker_support&quot;:&quot;0&quot;,&quot;ugm_access&quot;:&quot;0&quot;,&quot;order_markers_by&quot;:&quot;0&quot;,&quot;order_markers_choice&quot;:&quot;0&quot;,&quot;show_user_location&quot;:&quot;0&quot;,&quot;default_to&quot;:&quot;&quot;,&quot;other_settings&quot;:{&quot;map_type&quot;:1,&quot;sl_stroke_color&quot;:&quot;&quot;,&quot;sl_fill_color&quot;:&quot;&quot;,&quot;sl_stroke_opacity&quot;:&quot;&quot;,&quot;sl_fill_opacity&quot;:&quot;&quot;,&quot;transport_layer&quot;:false,&quot;action&quot;:&quot;wpgmza_save_map&quot;,&quot;redirect_to&quot;:&quot;\\\/public\\\/home\\\/wp-admin\\\/admin-post.php&quot;,&quot;map_id&quot;:&quot;1&quot;,&quot;http_referer&quot;:&quot;\\\/public\\\/home\\\/wp-admin\\\/admin.php?page=wp-google-maps-menu&amp;amp;action=edit&amp;amp;map_id=1&quot;,&quot;wpgmza_id&quot;:&quot;1&quot;,&quot;wpgmza_start_location&quot;:&quot;41.02765031957915,16.87430761651957&quot;,&quot;wpgmza_start_zoom&quot;:&quot;11&quot;,&quot;store_locator_enabled&quot;:false,&quot;store_locator_search_area&quot;:&quot;radial&quot;,&quot;wpgmza_store_locator_radius_style&quot;:&quot;legacy&quot;,&quot;wpgmza_store_locator_default_radius&quot;:&quot;10&quot;,&quot;store_locator_auto_area_max_zoom&quot;:&quot;&quot;,&quot;store_locator_distance&quot;:false,&quot;wpgmza_store_locator_position&quot;:false,&quot;store_locator_show_distance&quot;:false,&quot;store_locator_category&quot;:false,&quot;wpgmza_store_locator_use_their_location&quot;:false,&quot;wpgmza_store_locator_bounce&quot;:false,&quot;wpgmza_sl_animation&quot;:null,&quot;wpgmza_store_locator_hide_before_search&quot;:false,&quot;store_locator_query_string&quot;:&quot;&quot;,&quot;store_locator_location_placeholder&quot;:&quot;&quot;,&quot;store_locator_default_address&quot;:&quot;&quot;,&quot;store_locator_name_search&quot;:false,&quot;store_locator_name_string&quot;:&quot;&quot;,&quot;store_locator_not_found_message&quot;:&quot;&quot;,&quot;wpgmza_map_align&quot;:&quot;1&quot;,&quot;jump_to_nearest_marker_on_initialization&quot;:false,&quot;automatically_pan_to_users_location&quot;:false,&quot;override_users_location_zoom_level&quot;:false,&quot;override_users_location_zoom_levels&quot;:&quot;&quot;,&quot;show_distance_from_location&quot;:false,&quot;map_max_zoom&quot;:&quot;21&quot;,&quot;map_min_zoom&quot;:&quot;0&quot;,&quot;click_open_link&quot;:false,&quot;fit_maps_bounds_to_markers&quot;:false,&quot;fit_maps_bounds_to_markers_after_filtering&quot;:false,&quot;hide_point_of_interest&quot;:false,&quot;wpgmza_zoom_on_marker_click&quot;:false,&quot;wpgmza_zoom_on_marker_click_slider&quot;:&quot;&quot;,&quot;close_infowindow_on_map_click&quot;:false,&quot;disable_lightbox_images&quot;:false,&quot;use_Raw_Jpeg_Coordinates&quot;:false,&quot;disable_polygon_info_windows&quot;:false,&quot;enable_marker_ratings&quot;:false,&quot;enable_marker_labels&quot;:false,&quot;only_load_markers_within_viewport&quot;:false,&quot;zoom_level_mobile_override_enabled&quot;:false,&quot;zoom_level_mobile_override&quot;:&quot;&quot;,&quot;iw_primary_color&quot;:&quot;#000000&quot;,&quot;iw_accent_color&quot;:&quot;#000000&quot;,&quot;iw_text_color&quot;:&quot;#000000&quot;,&quot;wpgmza_listmarkers_by&quot;:&quot;0&quot;,&quot;wpgmza_marker_listing_position&quot;:false,&quot;zoom_level_on_marker_listing_override&quot;:false,&quot;zoom_level_on_marker_listing_click&quot;:&quot;&quot;,&quot;marker_listing_disable_zoom&quot;:false,&quot;datatable_no_result_message&quot;:&quot;&quot;,&quot;remove_search_box_datables&quot;:false,&quot;dataTable_pagination_style&quot;:null,&quot;datatable_search_string&quot;:&quot;&quot;,&quot;datatable_result_start&quot;:&quot;&quot;,&quot;datatable_result_of&quot;:&quot;&quot;,&quot;datatable_result_to&quot;:&quot;&quot;,&quot;datatable_result_total&quot;:&quot;&quot;,&quot;datatable_result_show&quot;:&quot;&quot;,&quot;datatable_result_entries&quot;:&quot;&quot;,&quot;wpgmza_savemap&quot;:&quot;Salva la Mappa \\u00bb&quot;}}\" data-map-id='1' Data-maps-engine='open-layers' data-shortcode-attributes='{\"id\":\"1\"}' style=\"display:block; overflow:auto; width:100%; height:400px; float:left;\"><\/div>\n<\/div><\/div>\n","protected":false},"excerpt":{"rendered":"<p>Il Centro d\u2019Ascolto diocesano accoglie e prende in carico quanti bussano alle sue porte.Offre altres\u00ec opportunit\u00e0 di coordinamento, occasioni di [&hellip;]<\/p>\n","protected":false},"author":1,"featured_media":4653,"parent":7375,"menu_order":0,"comment_status":"closed","ping_status":"open","template":"","meta":{"_uag_custom_page_level_css":"","site-sidebar-layout":"default","site-content-layout":"","ast-site-content-layout":"","site-content-style":"default","site-sidebar-style":"default","ast-global-header-display":"","ast-banner-title-visibility":"disabled","ast-main-header-display":"","ast-hfb-above-header-display":"","ast-hfb-below-header-display":"","ast-hfb-mobile-header-display":"","site-post-title":"disabled","ast-breadcrumbs-content":"","ast-featured-img":"disabled","footer-sml-layout":"","theme-transparent-header-meta":"","adv-header-id-meta":"","stick-header-meta":"","header-above-stick-meta":"","header-main-stick-meta":"","header-below-stick-meta":"","astra-migrate-meta-layouts":"default","ast-page-background-enabled":"default","ast-page-background-meta":{"desktop":{"background-color":"var(--ast-global-color-5)","background-image":"","background-repeat":"repeat","background-position":"center center","background-size":"auto","background-attachment":"scroll","background-type":"","background-media":"","overlay-type":"","overlay-color":"","overlay-opacity":"","overlay-gradient":""},"tablet":{"background-color":"","background-image":"","background-repeat":"repeat","background-position":"center center","background-size":"auto","background-attachment":"scroll","background-type":"","background-media":"","overlay-type":"","overlay-color":"","overlay-opacity":"","overlay-gradient":""},"mobile":{"background-color":"","background-image":"","background-repeat":"repeat","background-position":"center center","background-size":"auto","background-attachment":"scroll","background-type":"","background-media":"","overlay-type":"","overlay-color":"","overlay-opacity":"","overlay-gradient":""}},"ast-content-background-meta":{"desktop":{"background-color":"var(--ast-global-color-4)","background-image":"","background-repeat":"repeat","background-position":"center center","background-size":"auto","background-attachment":"scroll","background-type":"","background-media":"","overlay-type":"","overlay-color":"","overlay-opacity":"","overlay-gradient":""},"tablet":{"background-color":"var(--ast-global-color-4)","background-image":"","background-repeat":"repeat","background-position":"center center","background-size":"auto","background-attachment":"scroll","background-type":"","background-media":"","overlay-type":"","overlay-color":"","overlay-opacity":"","overlay-gradient":""},"mobile":{"background-color":"var(--ast-global-color-4)","background-image":"","background-repeat":"repeat","background-position":"center center","background-size":"auto","background-attachment":"scroll","background-type":"","background-media":"","overlay-type":"","overlay-color":"","overlay-opacity":"","overlay-gradient":""}},"footnotes":""},"class_list":["post-3374","page","type-page","status-publish","has-post-thumbnail","hentry"],"yoast_head":"<!-- This site is optimized with the Yoast SEO plugin v26.8 - https:\/\/yoast.com\/product\/yoast-seo-wordpress\/ -->\r\n<title>Centro d&#039;Ascolto - Caritas Diocesana Bari-Bitonto<\/title>\r\n<meta name=\"description\" content=\"Il Centro d\u2019Ascolto diocesano accoglie e prende in carico quanti bussano alle sue porte. Offre altres\u00ec opportunit\u00e0 di coordinamento, occasioni di formazione e supporti operativi ai Centri di ascolto Parrocchiali.\" \/>\r\n<meta name=\"robots\" content=\"index, follow, max-snippet:-1, max-image-preview:large, max-video-preview:-1\" \/>\r\n<link rel=\"canonical\" href=\"https:\/\/www.caritasbaribitonto.it\/public\/home\/ascolto-osservazione-formazione\/centro-ascolto\/\" \/>\r\n<meta property=\"og:locale\" content=\"it_IT\" \/>\r\n<meta property=\"og:type\" content=\"article\" \/>\r\n<meta property=\"og:title\" content=\"Centro d&#039;Ascolto - Caritas Diocesana Bari-Bitonto\" \/>\r\n<meta property=\"og:description\" content=\"Il Centro d\u2019Ascolto diocesano accoglie e prende in carico quanti bussano alle sue porte. Offre altres\u00ec opportunit\u00e0 di coordinamento, occasioni di formazione e supporti operativi ai Centri di ascolto Parrocchiali.\" \/>\r\n<meta property=\"og:url\" content=\"https:\/\/www.caritasbaribitonto.it\/public\/home\/ascolto-osservazione-formazione\/centro-ascolto\/\" \/>\r\n<meta property=\"og:site_name\" content=\"Caritas Diocesana Bari-Bitonto\" \/>\r\n<meta property=\"article:publisher\" content=\"https:\/\/www.facebook.com\/pages\/Caritas-Diocesana-Bari-Bitonto\/533981476753770\" \/>\r\n<meta property=\"article:modified_time\" content=\"2025-10-30T11:27:29+00:00\" \/>\r\n<meta property=\"og:image\" content=\"https:\/\/www.caritasbaribitonto.it\/public\/home\/img\/uploads\/2017\/07\/11_centro_ascolto1.jpg\" \/>\r\n\t<meta property=\"og:image:width\" content=\"800\" \/>\r\n\t<meta property=\"og:image:height\" content=\"388\" \/>\r\n\t<meta property=\"og:image:type\" content=\"image\/jpeg\" \/>\r\n<meta name=\"twitter:card\" content=\"summary_large_image\" \/>\r\n<meta name=\"twitter:label1\" content=\"Tempo di lettura stimato\" \/>\n\t<meta name=\"twitter:data1\" content=\"1 minuto\" \/>\r\n<script type=\"application\/ld+json\" class=\"yoast-schema-graph\">{\"@context\":\"https:\/\/schema.org\",\"@graph\":[{\"@type\":\"WebPage\",\"@id\":\"https:\/\/www.caritasbaribitonto.it\/public\/home\/ascolto-osservazione-formazione\/centro-ascolto\/\",\"url\":\"https:\/\/www.caritasbaribitonto.it\/public\/home\/ascolto-osservazione-formazione\/centro-ascolto\/\",\"name\":\"Centro d'Ascolto - Caritas Diocesana Bari-Bitonto\",\"isPartOf\":{\"@id\":\"https:\/\/www.caritasbaribitonto.it\/public\/home\/#website\"},\"primaryImageOfPage\":{\"@id\":\"https:\/\/www.caritasbaribitonto.it\/public\/home\/ascolto-osservazione-formazione\/centro-ascolto\/#primaryimage\"},\"image\":{\"@id\":\"https:\/\/www.caritasbaribitonto.it\/public\/home\/ascolto-osservazione-formazione\/centro-ascolto\/#primaryimage\"},\"thumbnailUrl\":\"https:\/\/www.caritasbaribitonto.it\/public\/home\/img\/uploads\/2017\/07\/11_centro_ascolto1.jpg\",\"datePublished\":\"2015-05-22T17:34:55+00:00\",\"dateModified\":\"2025-10-30T11:27:29+00:00\",\"description\":\"Il Centro d\u2019Ascolto diocesano accoglie e prende in carico quanti bussano alle sue porte. Offre altres\u00ec opportunit\u00e0 di coordinamento, occasioni di formazione e supporti operativi ai Centri di ascolto Parrocchiali.\",\"breadcrumb\":{\"@id\":\"https:\/\/www.caritasbaribitonto.it\/public\/home\/ascolto-osservazione-formazione\/centro-ascolto\/#breadcrumb\"},\"inLanguage\":\"it-IT\",\"potentialAction\":[{\"@type\":\"ReadAction\",\"target\":[\"https:\/\/www.caritasbaribitonto.it\/public\/home\/ascolto-osservazione-formazione\/centro-ascolto\/\"]}]},{\"@type\":\"ImageObject\",\"inLanguage\":\"it-IT\",\"@id\":\"https:\/\/www.caritasbaribitonto.it\/public\/home\/ascolto-osservazione-formazione\/centro-ascolto\/#primaryimage\",\"url\":\"https:\/\/www.caritasbaribitonto.it\/public\/home\/img\/uploads\/2017\/07\/11_centro_ascolto1.jpg\",\"contentUrl\":\"https:\/\/www.caritasbaribitonto.it\/public\/home\/img\/uploads\/2017\/07\/11_centro_ascolto1.jpg\",\"width\":800,\"height\":388},{\"@type\":\"BreadcrumbList\",\"@id\":\"https:\/\/www.caritasbaribitonto.it\/public\/home\/ascolto-osservazione-formazione\/centro-ascolto\/#breadcrumb\",\"itemListElement\":[{\"@type\":\"ListItem\",\"position\":1,\"name\":\"Home\",\"item\":\"https:\/\/www.caritasbaribitonto.it\/public\/home\/\"},{\"@type\":\"ListItem\",\"position\":2,\"name\":\"Le azioni Caritas\",\"item\":\"https:\/\/www.caritasbaribitonto.it\/public\/home\/ascolto-osservazione-formazione\/\"},{\"@type\":\"ListItem\",\"position\":3,\"name\":\"Centro d&#8217;Ascolto\"}]},{\"@type\":\"WebSite\",\"@id\":\"https:\/\/www.caritasbaribitonto.it\/public\/home\/#website\",\"url\":\"https:\/\/www.caritasbaribitonto.it\/public\/home\/\",\"name\":\"Caritas Diocesana Bari-Bitonto\",\"description\":\"I santi della porta accanto\",\"publisher\":{\"@id\":\"https:\/\/www.caritasbaribitonto.it\/public\/home\/#organization\"},\"potentialAction\":[{\"@type\":\"SearchAction\",\"target\":{\"@type\":\"EntryPoint\",\"urlTemplate\":\"https:\/\/www.caritasbaribitonto.it\/public\/home\/?s={search_term_string}\"},\"query-input\":{\"@type\":\"PropertyValueSpecification\",\"valueRequired\":true,\"valueName\":\"search_term_string\"}}],\"inLanguage\":\"it-IT\"},{\"@type\":\"Organization\",\"@id\":\"https:\/\/www.caritasbaribitonto.it\/public\/home\/#organization\",\"name\":\"Caritas Diocesana Bari-Bitonto\",\"url\":\"https:\/\/www.caritasbaribitonto.it\/public\/home\/\",\"logo\":{\"@type\":\"ImageObject\",\"inLanguage\":\"it-IT\",\"@id\":\"https:\/\/www.caritasbaribitonto.it\/public\/home\/#\/schema\/logo\/image\/\",\"url\":\"https:\/\/www.caritasbaribitonto.it\/public\/home\/img\/uploads\/2025\/02\/cropped-cropped-caritas2025_350x112.png\",\"contentUrl\":\"https:\/\/www.caritasbaribitonto.it\/public\/home\/img\/uploads\/2025\/02\/cropped-cropped-caritas2025_350x112.png\",\"width\":350,\"height\":112,\"caption\":\"Caritas Diocesana Bari-Bitonto\"},\"image\":{\"@id\":\"https:\/\/www.caritasbaribitonto.it\/public\/home\/#\/schema\/logo\/image\/\"},\"sameAs\":[\"https:\/\/www.facebook.com\/pages\/Caritas-Diocesana-Bari-Bitonto\/533981476753770\"]}]}<\/script>\r\n<!-- \/ Yoast SEO plugin. -->","yoast_head_json":{"title":"Centro d'Ascolto - Caritas Diocesana Bari-Bitonto","description":"Il Centro d\u2019Ascolto diocesano accoglie e prende in carico quanti bussano alle sue porte. Offre altres\u00ec opportunit\u00e0 di coordinamento, occasioni di formazione e supporti operativi ai Centri di ascolto Parrocchiali.","robots":{"index":"index","follow":"follow","max-snippet":"max-snippet:-1","max-image-preview":"max-image-preview:large","max-video-preview":"max-video-preview:-1"},"canonical":"https:\/\/www.caritasbaribitonto.it\/public\/home\/ascolto-osservazione-formazione\/centro-ascolto\/","og_locale":"it_IT","og_type":"article","og_title":"Centro d'Ascolto - Caritas Diocesana Bari-Bitonto","og_description":"Il Centro d\u2019Ascolto diocesano accoglie e prende in carico quanti bussano alle sue porte. Offre altres\u00ec opportunit\u00e0 di coordinamento, occasioni di formazione e supporti operativi ai Centri di ascolto Parrocchiali.","og_url":"https:\/\/www.caritasbaribitonto.it\/public\/home\/ascolto-osservazione-formazione\/centro-ascolto\/","og_site_name":"Caritas Diocesana Bari-Bitonto","article_publisher":"https:\/\/www.facebook.com\/pages\/Caritas-Diocesana-Bari-Bitonto\/533981476753770","article_modified_time":"2025-10-30T11:27:29+00:00","og_image":[{"width":800,"height":388,"url":"https:\/\/www.caritasbaribitonto.it\/public\/home\/img\/uploads\/2017\/07\/11_centro_ascolto1.jpg","type":"image\/jpeg"}],"twitter_card":"summary_large_image","twitter_misc":{"Tempo di lettura stimato":"1 minuto"},"schema":{"@context":"https:\/\/schema.org","@graph":[{"@type":"WebPage","@id":"https:\/\/www.caritasbaribitonto.it\/public\/home\/ascolto-osservazione-formazione\/centro-ascolto\/","url":"https:\/\/www.caritasbaribitonto.it\/public\/home\/ascolto-osservazione-formazione\/centro-ascolto\/","name":"Centro d'Ascolto - Caritas Diocesana Bari-Bitonto","isPartOf":{"@id":"https:\/\/www.caritasbaribitonto.it\/public\/home\/#website"},"primaryImageOfPage":{"@id":"https:\/\/www.caritasbaribitonto.it\/public\/home\/ascolto-osservazione-formazione\/centro-ascolto\/#primaryimage"},"image":{"@id":"https:\/\/www.caritasbaribitonto.it\/public\/home\/ascolto-osservazione-formazione\/centro-ascolto\/#primaryimage"},"thumbnailUrl":"https:\/\/www.caritasbaribitonto.it\/public\/home\/img\/uploads\/2017\/07\/11_centro_ascolto1.jpg","datePublished":"2015-05-22T17:34:55+00:00","dateModified":"2025-10-30T11:27:29+00:00","description":"Il Centro d\u2019Ascolto diocesano accoglie e prende in carico quanti bussano alle sue porte. Offre altres\u00ec opportunit\u00e0 di coordinamento, occasioni di formazione e supporti operativi ai Centri di ascolto Parrocchiali.","breadcrumb":{"@id":"https:\/\/www.caritasbaribitonto.it\/public\/home\/ascolto-osservazione-formazione\/centro-ascolto\/#breadcrumb"},"inLanguage":"it-IT","potentialAction":[{"@type":"ReadAction","target":["https:\/\/www.caritasbaribitonto.it\/public\/home\/ascolto-osservazione-formazione\/centro-ascolto\/"]}]},{"@type":"ImageObject","inLanguage":"it-IT","@id":"https:\/\/www.caritasbaribitonto.it\/public\/home\/ascolto-osservazione-formazione\/centro-ascolto\/#primaryimage","url":"https:\/\/www.caritasbaribitonto.it\/public\/home\/img\/uploads\/2017\/07\/11_centro_ascolto1.jpg","contentUrl":"https:\/\/www.caritasbaribitonto.it\/public\/home\/img\/uploads\/2017\/07\/11_centro_ascolto1.jpg","width":800,"height":388},{"@type":"BreadcrumbList","@id":"https:\/\/www.caritasbaribitonto.it\/public\/home\/ascolto-osservazione-formazione\/centro-ascolto\/#breadcrumb","itemListElement":[{"@type":"ListItem","position":1,"name":"Home","item":"https:\/\/www.caritasbaribitonto.it\/public\/home\/"},{"@type":"ListItem","position":2,"name":"Le azioni Caritas","item":"https:\/\/www.caritasbaribitonto.it\/public\/home\/ascolto-osservazione-formazione\/"},{"@type":"ListItem","position":3,"name":"Centro d&#8217;Ascolto"}]},{"@type":"WebSite","@id":"https:\/\/www.caritasbaribitonto.it\/public\/home\/#website","url":"https:\/\/www.caritasbaribitonto.it\/public\/home\/","name":"Caritas Diocesana Bari-Bitonto","description":"I santi della porta accanto","publisher":{"@id":"https:\/\/www.caritasbaribitonto.it\/public\/home\/#organization"},"potentialAction":[{"@type":"SearchAction","target":{"@type":"EntryPoint","urlTemplate":"https:\/\/www.caritasbaribitonto.it\/public\/home\/?s={search_term_string}"},"query-input":{"@type":"PropertyValueSpecification","valueRequired":true,"valueName":"search_term_string"}}],"inLanguage":"it-IT"},{"@type":"Organization","@id":"https:\/\/www.caritasbaribitonto.it\/public\/home\/#organization","name":"Caritas Diocesana Bari-Bitonto","url":"https:\/\/www.caritasbaribitonto.it\/public\/home\/","logo":{"@type":"ImageObject","inLanguage":"it-IT","@id":"https:\/\/www.caritasbaribitonto.it\/public\/home\/#\/schema\/logo\/image\/","url":"https:\/\/www.caritasbaribitonto.it\/public\/home\/img\/uploads\/2025\/02\/cropped-cropped-caritas2025_350x112.png","contentUrl":"https:\/\/www.caritasbaribitonto.it\/public\/home\/img\/uploads\/2025\/02\/cropped-cropped-caritas2025_350x112.png","width":350,"height":112,"caption":"Caritas Diocesana Bari-Bitonto"},"image":{"@id":"https:\/\/www.caritasbaribitonto.it\/public\/home\/#\/schema\/logo\/image\/"},"sameAs":["https:\/\/www.facebook.com\/pages\/Caritas-Diocesana-Bari-Bitonto\/533981476753770"]}]}},"uagb_featured_image_src":{"full":["https:\/\/www.caritasbaribitonto.it\/public\/home\/img\/uploads\/2017\/07\/11_centro_ascolto1.jpg",800,388,false],"thumbnail":["https:\/\/www.caritasbaribitonto.it\/public\/home\/img\/uploads\/2017\/07\/11_centro_ascolto1-150x150.jpg",150,150,true],"medium":["https:\/\/www.caritasbaribitonto.it\/public\/home\/img\/uploads\/2017\/07\/11_centro_ascolto1-300x146.jpg",300,146,true],"medium_large":["https:\/\/www.caritasbaribitonto.it\/public\/home\/img\/uploads\/2017\/07\/11_centro_ascolto1-768x372.jpg",768,372,true],"large":["https:\/\/www.caritasbaribitonto.it\/public\/home\/img\/uploads\/2017\/07\/11_centro_ascolto1.jpg",800,388,false],"1536x1536":["https:\/\/www.caritasbaribitonto.it\/public\/home\/img\/uploads\/2017\/07\/11_centro_ascolto1.jpg",800,388,false],"2048x2048":["https:\/\/www.caritasbaribitonto.it\/public\/home\/img\/uploads\/2017\/07\/11_centro_ascolto1.jpg",800,388,false]},"uagb_author_info":{"display_name":"Giovanni Caputo","author_link":"https:\/\/www.caritasbaribitonto.it\/public\/home\/author\/admin\/"},"uagb_comment_info":0,"uagb_excerpt":"Il Centro d\u2019Ascolto diocesano accoglie e prende in carico quanti bussano alle sue porte.Offre altres\u00ec opportunit\u00e0 di coordinamento, occasioni di [&hellip;]","_links":{"self":[{"href":"https:\/\/www.caritasbaribitonto.it\/public\/home\/wp-json\/wp\/v2\/pages\/3374","targetHints":{"allow":["GET"]}}],"collection":[{"href":"https:\/\/www.caritasbaribitonto.it\/public\/home\/wp-json\/wp\/v2\/pages"}],"about":[{"href":"https:\/\/www.caritasbaribitonto.it\/public\/home\/wp-json\/wp\/v2\/types\/page"}],"author":[{"embeddable":true,"href":"https:\/\/www.caritasbaribitonto.it\/public\/home\/wp-json\/wp\/v2\/users\/1"}],"replies":[{"embeddable":true,"href":"https:\/\/www.caritasbaribitonto.it\/public\/home\/wp-json\/wp\/v2\/comments?post=3374"}],"version-history":[{"count":1,"href":"https:\/\/www.caritasbaribitonto.it\/public\/home\/wp-json\/wp\/v2\/pages\/3374\/revisions"}],"predecessor-version":[{"id":8141,"href":"https:\/\/www.caritasbaribitonto.it\/public\/home\/wp-json\/wp\/v2\/pages\/3374\/revisions\/8141"}],"up":[{"embeddable":true,"href":"https:\/\/www.caritasbaribitonto.it\/public\/home\/wp-json\/wp\/v2\/pages\/7375"}],"wp:featuredmedia":[{"embeddable":true,"href":"https:\/\/www.caritasbaribitonto.it\/public\/home\/wp-json\/wp\/v2\/media\/4653"}],"wp:attachment":[{"href":"https:\/\/www.caritasbaribitonto.it\/public\/home\/wp-json\/wp\/v2\/media?parent=3374"}],"curies":[{"name":"wp","href":"https:\/\/api.w.org\/{rel}","templated":true}]}}