{"id":3372,"date":"2015-04-21T20:03:32","date_gmt":"2015-04-21T18:03:32","guid":{"rendered":"http:\/\/giovannicaputo.netsons.org\/Test\/?page_id=319"},"modified":"2025-11-08T11:46:01","modified_gmt":"2025-11-08T10:46:01","slug":"mense-caritas-bari-bitonto","status":"publish","type":"page","link":"https:\/\/www.caritasbaribitonto.it\/public\/home\/mense-caritas-bari-bitonto\/","title":{"rendered":"Mense"},"content":{"rendered":"\n<div class=\"wp-block-uagb-container uagb-block-8iqucy78 alignfull uagb-is-root-container\"><div class=\"uagb-container-inner-blocks-wrap\"><h1 class=\"has-text-align-center has-link-color wp-elements-5c15f29beec0071bb8fddc48a7dd2909 wp-block-post-title has-text-color has-white-color\">Mense<\/h1>\n\n\n<p class=\"has-text-align-center has-white-color has-text-color has-link-color wp-elements-f8291a05793c0b704b80be703746a737\">&#8220;<em>Spezz\u00f2 i pani e li divise fra tutti<\/em>&#8220;<\/p>\n<\/div><\/div>\n\n\n\n<div class=\"wp-block-uagb-container uagb-block-0e720a2e alignfull uagb-is-root-container\"><div class=\"uagb-container-inner-blocks-wrap\">\n<div class=\"wp-block-uagb-container uagb-block-587c8884\">\n<p>Per rendere visibile i tratti di una Chiesa dal volto accogliente e con le mani pronte al pi\u00f9 generoso sostegno, nella nostra diocesi, le varie le Comunit\u00e0 ecclesiali cercano di non far mai mancare un pasto ai fratelli che sono nel bisogno pi\u00f9 estremo, turnandosi nel servizio alle mense.<\/p>\n\n\n\n<p>Di seguito il calendario settimanale e le presenze per le domeniche.<br>Per dare la propria diponibilit\u00e0 e per informazioni contattare:<br><strong>Decio Minunno<\/strong>\u00a0\u00a0 deciominunno@virgilio.it\u00a0\u00a0 cel.3346982435<\/p>\n<\/div>\n\n\n\n<div class=\"wp-block-uagb-image uagb-block-5783d37b wp-block-uagb-image--layout-default wp-block-uagb-image--effect-static wp-block-uagb-image--align-none\"><figure class=\"wp-block-uagb-image__figure\"><img decoding=\"async\" srcset=\"https:\/\/www.caritasbaribitonto.it\/public\/home\/img\/uploads\/2025\/11\/Mense-Caritas-Bari-Bitonto-2025-1.png ,https:\/\/www.caritasbaribitonto.it\/public\/home\/img\/uploads\/2025\/11\/Mense-Caritas-Bari-Bitonto-2025-1.png 780w, https:\/\/www.caritasbaribitonto.it\/public\/home\/img\/uploads\/2025\/11\/Mense-Caritas-Bari-Bitonto-2025-1.png 360w\" sizes=\"auto, (max-width: 480px) 150px\" src=\"https:\/\/www.caritasbaribitonto.it\/public\/home\/img\/uploads\/2025\/11\/Mense-Caritas-Bari-Bitonto-2025-1.png\" alt=\"\" class=\"uag-image-8213\" width=\"1024\" height=\"848\" title=\"Mense Caritas Bari Bitonto 2025 (1)\" loading=\"lazy\" role=\"img\"\/><\/figure><\/div>\n<\/div><\/div>\n","protected":false},"excerpt":{"rendered":"<p>&#8220;Spezz\u00f2 i pani e li divise fra tutti&#8220; Per rendere visibile i tratti di una Chiesa dal volto accogliente e [&hellip;]<\/p>\n","protected":false},"author":1,"featured_media":0,"parent":0,"menu_order":0,"comment_status":"closed","ping_status":"open","template":"","meta":{"_uag_custom_page_level_css":"","site-sidebar-layout":"default","site-content-layout":"","ast-site-content-layout":"","site-content-style":"default","site-sidebar-style":"default","ast-global-header-display":"","ast-banner-title-visibility":"","ast-main-header-display":"","ast-hfb-above-header-display":"","ast-hfb-below-header-display":"","ast-hfb-mobile-header-display":"","site-post-title":"disabled","ast-breadcrumbs-content":"","ast-featured-img":"","footer-sml-layout":"","theme-transparent-header-meta":"","adv-header-id-meta":"","stick-header-meta":"","header-above-stick-meta":"","header-main-stick-meta":"","header-below-stick-meta":"","astra-migrate-meta-layouts":"default","ast-page-background-enabled":"default","ast-page-background-meta":{"desktop":{"background-color":"var(--ast-global-color-5)","background-image":"","background-repeat":"repeat","background-position":"center center","background-size":"auto","background-attachment":"scroll","background-type":"","background-media":"","overlay-type":"","overlay-color":"","overlay-opacity":"","overlay-gradient":""},"tablet":{"background-color":"","background-image":"","background-repeat":"repeat","background-position":"center center","background-size":"auto","background-attachment":"scroll","background-type":"","background-media":"","overlay-type":"","overlay-color":"","overlay-opacity":"","overlay-gradient":""},"mobile":{"background-color":"","background-image":"","background-repeat":"repeat","background-position":"center center","background-size":"auto","background-attachment":"scroll","background-type":"","background-media":"","overlay-type":"","overlay-color":"","overlay-opacity":"","overlay-gradient":""}},"ast-content-background-meta":{"desktop":{"background-color":"var(--ast-global-color-4)","background-image":"","background-repeat":"repeat","background-position":"center center","background-size":"auto","background-attachment":"scroll","background-type":"","background-media":"","overlay-type":"","overlay-color":"","overlay-opacity":"","overlay-gradient":""},"tablet":{"background-color":"var(--ast-global-color-4)","background-image":"","background-repeat":"repeat","background-position":"center center","background-size":"auto","background-attachment":"scroll","background-type":"","background-media":"","overlay-type":"","overlay-color":"","overlay-opacity":"","overlay-gradient":""},"mobile":{"background-color":"var(--ast-global-color-4)","background-image":"","background-repeat":"repeat","background-position":"center center","background-size":"auto","background-attachment":"scroll","background-type":"","background-media":"","overlay-type":"","overlay-color":"","overlay-opacity":"","overlay-gradient":""}},"footnotes":""},"class_list":["post-3372","page","type-page","status-publish","hentry"],"yoast_head":"<!-- This site is optimized with the Yoast SEO plugin v26.8 - https:\/\/yoast.com\/product\/yoast-seo-wordpress\/ -->\r\n<title>Mense Caritas Diocesana Bari-Bitonto<\/title>\r\n<meta name=\"description\" content=\"Mense Caritas nella diocesi di Bari-Bitonto\" \/>\r\n<meta name=\"robots\" content=\"index, follow, max-snippet:-1, max-image-preview:large, max-video-preview:-1\" \/>\r\n<link rel=\"canonical\" href=\"https:\/\/www.caritasbaribitonto.it\/public\/home\/mense-caritas-bari-bitonto\/\" \/>\r\n<meta property=\"og:locale\" content=\"it_IT\" \/>\r\n<meta property=\"og:type\" content=\"article\" \/>\r\n<meta property=\"og:title\" content=\"Mense Caritas Bari-Bitonto\" \/>\r\n<meta property=\"og:description\" content=\"Mense Caritas nella diocesi di Bari-Bitonto\" \/>\r\n<meta property=\"og:url\" content=\"https:\/\/www.caritasbaribitonto.it\/public\/home\/mense-caritas-bari-bitonto\/\" \/>\r\n<meta property=\"og:site_name\" content=\"Caritas Diocesana Bari-Bitonto\" \/>\r\n<meta property=\"article:publisher\" content=\"https:\/\/www.facebook.com\/pages\/Caritas-Diocesana-Bari-Bitonto\/533981476753770\" \/>\r\n<meta property=\"article:modified_time\" content=\"2025-11-08T10:46:01+00:00\" \/>\r\n<meta property=\"og:image\" content=\"https:\/\/www.caritasbaribitonto.it\/public\/home\/img\/uploads\/2025\/11\/Mense-Caritas-Bari-Bitonto-2025-1.png\" \/>\r\n<meta name=\"twitter:card\" content=\"summary_large_image\" \/>\r\n<meta name=\"twitter:title\" content=\"Mense Caritas Bari-Bitonto\" \/>\r\n<meta name=\"twitter:description\" content=\"Mense Caritas nella diocesi di Bari-Bitonto\" \/>\r\n<meta name=\"twitter:label1\" content=\"Tempo di lettura stimato\" \/>\n\t<meta name=\"twitter:data1\" content=\"1 minuto\" \/>\r\n<script type=\"application\/ld+json\" class=\"yoast-schema-graph\">{\"@context\":\"https:\/\/schema.org\",\"@graph\":[{\"@type\":\"WebPage\",\"@id\":\"https:\/\/www.caritasbaribitonto.it\/public\/home\/mense-caritas-bari-bitonto\/\",\"url\":\"https:\/\/www.caritasbaribitonto.it\/public\/home\/mense-caritas-bari-bitonto\/\",\"name\":\"Mense Caritas Diocesana Bari-Bitonto\",\"isPartOf\":{\"@id\":\"https:\/\/www.caritasbaribitonto.it\/public\/home\/#website\"},\"primaryImageOfPage\":{\"@id\":\"https:\/\/www.caritasbaribitonto.it\/public\/home\/mense-caritas-bari-bitonto\/#primaryimage\"},\"image\":{\"@id\":\"https:\/\/www.caritasbaribitonto.it\/public\/home\/mense-caritas-bari-bitonto\/#primaryimage\"},\"thumbnailUrl\":\"https:\/\/www.caritasbaribitonto.it\/public\/home\/img\/uploads\/2025\/11\/Mense-Caritas-Bari-Bitonto-2025-1.png\",\"datePublished\":\"2015-04-21T18:03:32+00:00\",\"dateModified\":\"2025-11-08T10:46:01+00:00\",\"description\":\"Mense Caritas nella diocesi di Bari-Bitonto\",\"breadcrumb\":{\"@id\":\"https:\/\/www.caritasbaribitonto.it\/public\/home\/mense-caritas-bari-bitonto\/#breadcrumb\"},\"inLanguage\":\"it-IT\",\"potentialAction\":[{\"@type\":\"ReadAction\",\"target\":[\"https:\/\/www.caritasbaribitonto.it\/public\/home\/mense-caritas-bari-bitonto\/\"]}]},{\"@type\":\"ImageObject\",\"inLanguage\":\"it-IT\",\"@id\":\"https:\/\/www.caritasbaribitonto.it\/public\/home\/mense-caritas-bari-bitonto\/#primaryimage\",\"url\":\"https:\/\/www.caritasbaribitonto.it\/public\/home\/img\/uploads\/2025\/11\/Mense-Caritas-Bari-Bitonto-2025-1.png\",\"contentUrl\":\"https:\/\/www.caritasbaribitonto.it\/public\/home\/img\/uploads\/2025\/11\/Mense-Caritas-Bari-Bitonto-2025-1.png\",\"width\":940,\"height\":788},{\"@type\":\"BreadcrumbList\",\"@id\":\"https:\/\/www.caritasbaribitonto.it\/public\/home\/mense-caritas-bari-bitonto\/#breadcrumb\",\"itemListElement\":[{\"@type\":\"ListItem\",\"position\":1,\"name\":\"Home\",\"item\":\"https:\/\/www.caritasbaribitonto.it\/public\/home\/\"},{\"@type\":\"ListItem\",\"position\":2,\"name\":\"Mense\"}]},{\"@type\":\"WebSite\",\"@id\":\"https:\/\/www.caritasbaribitonto.it\/public\/home\/#website\",\"url\":\"https:\/\/www.caritasbaribitonto.it\/public\/home\/\",\"name\":\"Caritas Diocesana Bari-Bitonto\",\"description\":\"I santi della porta accanto\",\"publisher\":{\"@id\":\"https:\/\/www.caritasbaribitonto.it\/public\/home\/#organization\"},\"potentialAction\":[{\"@type\":\"SearchAction\",\"target\":{\"@type\":\"EntryPoint\",\"urlTemplate\":\"https:\/\/www.caritasbaribitonto.it\/public\/home\/?s={search_term_string}\"},\"query-input\":{\"@type\":\"PropertyValueSpecification\",\"valueRequired\":true,\"valueName\":\"search_term_string\"}}],\"inLanguage\":\"it-IT\"},{\"@type\":\"Organization\",\"@id\":\"https:\/\/www.caritasbaribitonto.it\/public\/home\/#organization\",\"name\":\"Caritas Diocesana Bari-Bitonto\",\"url\":\"https:\/\/www.caritasbaribitonto.it\/public\/home\/\",\"logo\":{\"@type\":\"ImageObject\",\"inLanguage\":\"it-IT\",\"@id\":\"https:\/\/www.caritasbaribitonto.it\/public\/home\/#\/schema\/logo\/image\/\",\"url\":\"https:\/\/www.caritasbaribitonto.it\/public\/home\/img\/uploads\/2025\/02\/cropped-cropped-caritas2025_350x112.png\",\"contentUrl\":\"https:\/\/www.caritasbaribitonto.it\/public\/home\/img\/uploads\/2025\/02\/cropped-cropped-caritas2025_350x112.png\",\"width\":350,\"height\":112,\"caption\":\"Caritas Diocesana Bari-Bitonto\"},\"image\":{\"@id\":\"https:\/\/www.caritasbaribitonto.it\/public\/home\/#\/schema\/logo\/image\/\"},\"sameAs\":[\"https:\/\/www.facebook.com\/pages\/Caritas-Diocesana-Bari-Bitonto\/533981476753770\"]}]}<\/script>\r\n<!-- \/ Yoast SEO plugin. -->","yoast_head_json":{"title":"Mense Caritas Diocesana Bari-Bitonto","description":"Mense Caritas nella diocesi di Bari-Bitonto","robots":{"index":"index","follow":"follow","max-snippet":"max-snippet:-1","max-image-preview":"max-image-preview:large","max-video-preview":"max-video-preview:-1"},"canonical":"https:\/\/www.caritasbaribitonto.it\/public\/home\/mense-caritas-bari-bitonto\/","og_locale":"it_IT","og_type":"article","og_title":"Mense Caritas Bari-Bitonto","og_description":"Mense Caritas nella diocesi di Bari-Bitonto","og_url":"https:\/\/www.caritasbaribitonto.it\/public\/home\/mense-caritas-bari-bitonto\/","og_site_name":"Caritas Diocesana Bari-Bitonto","article_publisher":"https:\/\/www.facebook.com\/pages\/Caritas-Diocesana-Bari-Bitonto\/533981476753770","article_modified_time":"2025-11-08T10:46:01+00:00","og_image":[{"url":"https:\/\/www.caritasbaribitonto.it\/public\/home\/img\/uploads\/2025\/11\/Mense-Caritas-Bari-Bitonto-2025-1.png","type":"","width":"","height":""}],"twitter_card":"summary_large_image","twitter_title":"Mense Caritas Bari-Bitonto","twitter_description":"Mense Caritas nella diocesi di Bari-Bitonto","twitter_misc":{"Tempo di lettura stimato":"1 minuto"},"schema":{"@context":"https:\/\/schema.org","@graph":[{"@type":"WebPage","@id":"https:\/\/www.caritasbaribitonto.it\/public\/home\/mense-caritas-bari-bitonto\/","url":"https:\/\/www.caritasbaribitonto.it\/public\/home\/mense-caritas-bari-bitonto\/","name":"Mense Caritas Diocesana Bari-Bitonto","isPartOf":{"@id":"https:\/\/www.caritasbaribitonto.it\/public\/home\/#website"},"primaryImageOfPage":{"@id":"https:\/\/www.caritasbaribitonto.it\/public\/home\/mense-caritas-bari-bitonto\/#primaryimage"},"image":{"@id":"https:\/\/www.caritasbaribitonto.it\/public\/home\/mense-caritas-bari-bitonto\/#primaryimage"},"thumbnailUrl":"https:\/\/www.caritasbaribitonto.it\/public\/home\/img\/uploads\/2025\/11\/Mense-Caritas-Bari-Bitonto-2025-1.png","datePublished":"2015-04-21T18:03:32+00:00","dateModified":"2025-11-08T10:46:01+00:00","description":"Mense Caritas nella diocesi di Bari-Bitonto","breadcrumb":{"@id":"https:\/\/www.caritasbaribitonto.it\/public\/home\/mense-caritas-bari-bitonto\/#breadcrumb"},"inLanguage":"it-IT","potentialAction":[{"@type":"ReadAction","target":["https:\/\/www.caritasbaribitonto.it\/public\/home\/mense-caritas-bari-bitonto\/"]}]},{"@type":"ImageObject","inLanguage":"it-IT","@id":"https:\/\/www.caritasbaribitonto.it\/public\/home\/mense-caritas-bari-bitonto\/#primaryimage","url":"https:\/\/www.caritasbaribitonto.it\/public\/home\/img\/uploads\/2025\/11\/Mense-Caritas-Bari-Bitonto-2025-1.png","contentUrl":"https:\/\/www.caritasbaribitonto.it\/public\/home\/img\/uploads\/2025\/11\/Mense-Caritas-Bari-Bitonto-2025-1.png","width":940,"height":788},{"@type":"BreadcrumbList","@id":"https:\/\/www.caritasbaribitonto.it\/public\/home\/mense-caritas-bari-bitonto\/#breadcrumb","itemListElement":[{"@type":"ListItem","position":1,"name":"Home","item":"https:\/\/www.caritasbaribitonto.it\/public\/home\/"},{"@type":"ListItem","position":2,"name":"Mense"}]},{"@type":"WebSite","@id":"https:\/\/www.caritasbaribitonto.it\/public\/home\/#website","url":"https:\/\/www.caritasbaribitonto.it\/public\/home\/","name":"Caritas Diocesana Bari-Bitonto","description":"I santi della porta accanto","publisher":{"@id":"https:\/\/www.caritasbaribitonto.it\/public\/home\/#organization"},"potentialAction":[{"@type":"SearchAction","target":{"@type":"EntryPoint","urlTemplate":"https:\/\/www.caritasbaribitonto.it\/public\/home\/?s={search_term_string}"},"query-input":{"@type":"PropertyValueSpecification","valueRequired":true,"valueName":"search_term_string"}}],"inLanguage":"it-IT"},{"@type":"Organization","@id":"https:\/\/www.caritasbaribitonto.it\/public\/home\/#organization","name":"Caritas Diocesana Bari-Bitonto","url":"https:\/\/www.caritasbaribitonto.it\/public\/home\/","logo":{"@type":"ImageObject","inLanguage":"it-IT","@id":"https:\/\/www.caritasbaribitonto.it\/public\/home\/#\/schema\/logo\/image\/","url":"https:\/\/www.caritasbaribitonto.it\/public\/home\/img\/uploads\/2025\/02\/cropped-cropped-caritas2025_350x112.png","contentUrl":"https:\/\/www.caritasbaribitonto.it\/public\/home\/img\/uploads\/2025\/02\/cropped-cropped-caritas2025_350x112.png","width":350,"height":112,"caption":"Caritas Diocesana Bari-Bitonto"},"image":{"@id":"https:\/\/www.caritasbaribitonto.it\/public\/home\/#\/schema\/logo\/image\/"},"sameAs":["https:\/\/www.facebook.com\/pages\/Caritas-Diocesana-Bari-Bitonto\/533981476753770"]}]}},"uagb_featured_image_src":{"full":false,"thumbnail":false,"medium":false,"medium_large":false,"large":false,"1536x1536":false,"2048x2048":false},"uagb_author_info":{"display_name":"Giovanni Caputo","author_link":"https:\/\/www.caritasbaribitonto.it\/public\/home\/author\/admin\/"},"uagb_comment_info":0,"uagb_excerpt":"&#8220;Spezz\u00f2 i pani e li divise fra tutti&#8220; Per rendere visibile i tratti di una Chiesa dal volto accogliente e [&hellip;]","_links":{"self":[{"href":"https:\/\/www.caritasbaribitonto.it\/public\/home\/wp-json\/wp\/v2\/pages\/3372","targetHints":{"allow":["GET"]}}],"collection":[{"href":"https:\/\/www.caritasbaribitonto.it\/public\/home\/wp-json\/wp\/v2\/pages"}],"about":[{"href":"https:\/\/www.caritasbaribitonto.it\/public\/home\/wp-json\/wp\/v2\/types\/page"}],"author":[{"embeddable":true,"href":"https:\/\/www.caritasbaribitonto.it\/public\/home\/wp-json\/wp\/v2\/users\/1"}],"replies":[{"embeddable":true,"href":"https:\/\/www.caritasbaribitonto.it\/public\/home\/wp-json\/wp\/v2\/comments?post=3372"}],"version-history":[{"count":2,"href":"https:\/\/www.caritasbaribitonto.it\/public\/home\/wp-json\/wp\/v2\/pages\/3372\/revisions"}],"predecessor-version":[{"id":8217,"href":"https:\/\/www.caritasbaribitonto.it\/public\/home\/wp-json\/wp\/v2\/pages\/3372\/revisions\/8217"}],"wp:attachment":[{"href":"https:\/\/www.caritasbaribitonto.it\/public\/home\/wp-json\/wp\/v2\/media?parent=3372"}],"curies":[{"name":"wp","href":"https:\/\/api.w.org\/{rel}","templated":true}]}}